{"id":4840,"date":"2024-03-07T12:20:49","date_gmt":"2024-03-07T12:20:49","guid":{"rendered":"https:\/\/fietsverhuurknokke.be\/allgemeine-datenschutzverordnung\/"},"modified":"2025-08-12T14:57:33","modified_gmt":"2025-08-12T14:57:33","slug":"datenschutz-grundverordnung","status":"publish","type":"page","link":"https:\/\/fietsverhuurknokke.be\/de\/datenschutz-grundverordnung\/","title":{"rendered":"Datenschutz-Grundverordnung"},"content":{"rendered":"<style type=\"text\/css\">\n    .header-heights {\n        height: 65vh;\n    }\n    .header-heights.home {\n        height: 65vh;\n    }\n    @media (max-width: 767px) {\n        .header-heights {\n            height: 30vh;\n        }\n        .header-heights.home {\n            height: 50vh;\n        }\n    }\n<\/style><section class=\"header-img\"><div class=\"img-inner header-heights\" style=\"background-image: url(https:\/\/fietsverhuurknokke.be\/wp-content\/uploads\/2025\/05\/Header-1600x930.avif);\"><div class=\"header_txt\">\n                    <h3>Fahrradverleih Knokke-Heist<\/h3>\n                    <div class=\"txt\"><p>Genie\u00dfen Sie die Umgebung des sch\u00f6nen Knokke-Heist<\/p>\n<\/div><\/div><\/div><\/section>\n\n\n<h1 class=\"wp-block-heading\">Datenschutz-Grundverordnung<\/h1>\n\n\n\n<p>Fahrradverleih Knokke legt gro\u00dfen Wert auf die Privatsph\u00e4re aller Besucher seiner Website <a href=\"http:\/\/www.fietsverhuurknokke.be\/\">www.fietsverhuurknokke.be<\/a>. Wir gew\u00e4hrleisten, dass die pers\u00f6nlichen Daten, die Sie uns mitteilen, sorgf\u00e4ltig und vertraulich behandelt werden. Ihre Daten werden ausschlie\u00dflich f\u00fcr die reibungslose und effiziente Bearbeitung Ihrer Reservierungen bei Fietsverhuur Knokke verwendet. Dar\u00fcber hinaus verwenden wir Ihre Daten nur mit Ihrer ausdr\u00fccklichen Zustimmung. Pers\u00f6nliche Daten werden niemals an Dritte verkauft.<\/p>\n\n\n\n<p>Fietsverhuur Knokke verwendet die erhobenen Daten, um Ihnen folgende Dienste bereitzustellen: Wenn Sie eine Reservierung vornehmen, ben\u00f6tigen wir Ihren Namen, Ihre E-Mail-Adresse und Ihre Zahlungsinformationen, um die Buchung abzuschlie\u00dfen und Sie \u00fcber den Status auf dem Laufenden zu halten.<\/p>\n\n\n\n<p>Wenn Sie bei Fietsverhuur Knokke eine Reservierung vornehmen, werden Ihre Daten sicher auf einem sicheren Server gespeichert.<\/p>\n\n\n\n<p>Fietsverhuur Knokke gibt Ihre personenbezogenen Daten nicht an Dritte weiter, mit Ausnahme derjenigen, die direkt an der Bearbeitung Ihrer Reservierung beteiligt sind. Sowohl unsere Mitarbeiter als auch externe Dienstleister sind verpflichtet, Ihre Daten vertraulich zu behandeln.<\/p>\n\n\n\n<p>Haben Sie Fragen zur Datenschutzrichtlinie von Fietsverhuur Knokke? Kontaktieren Sie uns gerne. Unser Kundenservice hilft Ihnen gerne bei Fragen zu Ihren Daten oder \u00c4nderungen weiter. \u00c4nderungen unserer Datenschutzrichtlinie werden stets auf dieser Seite aktualisiert, sodass Sie immer \u00fcber die aktuellsten Informationen verf\u00fcgen.<\/p>\n\n\n<style type='text\/css'>\n        #tz-spacer-69f25dfa46eb6 {\n            background-image: url('https:\/\/fietsverhuurknokke.be\/wp-content\/themes\/tz-template\/img\/scheidingslijn.png');\n        }\n    <\/style><div id='tz-spacer-69f25dfa46eb6' class='tz-spacer'><\/div>","protected":false},"excerpt":{"rendered":"<p>Datenschutz-Grundverordnung Fahrradverleih Knokke legt gro\u00dfen Wert auf die Privatsph\u00e4re aller Besucher seiner Website www.fietsverhuurknokke.be. Wir gew\u00e4hrleisten, dass die pers\u00f6nlichen Daten, die Sie uns mitteilen, sorgf\u00e4ltig und vertraulich behandelt werden. Ihre Daten werden ausschlie\u00dflich f\u00fcr die reibungslose und effiziente Bearbeitung Ihrer Reservierungen bei Fietsverhuur Knokke verwendet. Dar\u00fcber hinaus verwenden wir Ihre Daten nur mit Ihrer ausdr\u00fccklichen [&hellip;]<\/p>\n","protected":false},"author":1,"featured_media":7838,"parent":0,"menu_order":0,"comment_status":"closed","ping_status":"closed","template":"","meta":{"_acf_changed":false,"footnotes":""},"class_list":["post-4840","page","type-page","status-publish","has-post-thumbnail","hentry"],"acf":[],"yoast_head":"<!-- This site is optimized with the Yoast SEO plugin v25.8 - https:\/\/yoast.com\/wordpress\/plugins\/seo\/ -->\n<title>Datenschutz-Grundverordnung | Fahrradverleih Knokke<\/title>\n<meta name=\"description\" content=\"Mieten Sie ein Fahrrad in Knokke-Heist bei Fietsverhuur Knokke. \u2b50Gro\u00dfe Auswahl an Mietfahrr\u00e4dern \u2b50Lieferservice \u2b50Umtauschgarantie \u2b50Online buchen\" \/>\n<meta name=\"robots\" content=\"index, follow, max-snippet:-1, max-image-preview:large, max-video-preview:-1\" \/>\n<link rel=\"canonical\" href=\"https:\/\/fietsverhuurknokke.be\/de\/datenschutz-grundverordnung\/\" \/>\n<meta property=\"og:locale\" content=\"de_DE\" \/>\n<meta property=\"og:type\" content=\"article\" \/>\n<meta property=\"og:title\" content=\"Datenschutz-Grundverordnung | Fahrradverleih Knokke\" \/>\n<meta property=\"og:description\" content=\"Mieten Sie ein Fahrrad in Knokke-Heist bei Fietsverhuur Knokke. \u2b50Gro\u00dfe Auswahl an Mietfahrr\u00e4dern \u2b50Lieferservice \u2b50Umtauschgarantie \u2b50Online buchen\" \/>\n<meta property=\"og:url\" content=\"https:\/\/fietsverhuurknokke.be\/de\/datenschutz-grundverordnung\/\" \/>\n<meta property=\"og:site_name\" content=\"Fahrradverleih Knokke-Heist\" \/>\n<meta property=\"article:publisher\" content=\"https:\/\/www.facebook.com\/FietsverhuurZeeland\/\" \/>\n<meta property=\"article:modified_time\" content=\"2025-08-12T14:57:33+00:00\" \/>\n<meta property=\"og:image\" content=\"https:\/\/fietsverhuurknokke.be\/wp-content\/uploads\/2025\/05\/Footer.avif\" \/>\n\t<meta property=\"og:image:width\" content=\"2000\" \/>\n\t<meta property=\"og:image:height\" content=\"1332\" \/>\n\t<meta property=\"og:image:type\" content=\"image\/jpeg\" \/>\n<meta name=\"twitter:card\" content=\"summary_large_image\" \/>\n<meta name=\"twitter:label1\" content=\"Gesch\u00e4tzte Lesezeit\" \/>\n\t<meta name=\"twitter:data1\" content=\"2\u00a0Minuten\" \/>\n<script type=\"application\/ld+json\" class=\"yoast-schema-graph\">{\"@context\":\"https:\/\/schema.org\",\"@graph\":[{\"@type\":\"WebPage\",\"@id\":\"https:\/\/fietsverhuurknokke.be\/de\/datenschutz-grundverordnung\/\",\"url\":\"https:\/\/fietsverhuurknokke.be\/de\/datenschutz-grundverordnung\/\",\"name\":\"Datenschutz-Grundverordnung | Fahrradverleih Knokke\",\"isPartOf\":{\"@id\":\"https:\/\/fietsverhuurknokke.be\/#website\"},\"primaryImageOfPage\":{\"@id\":\"https:\/\/fietsverhuurknokke.be\/de\/datenschutz-grundverordnung\/#primaryimage\"},\"image\":{\"@id\":\"https:\/\/fietsverhuurknokke.be\/de\/datenschutz-grundverordnung\/#primaryimage\"},\"thumbnailUrl\":\"https:\/\/fietsverhuurknokke.be\/wp-content\/uploads\/2025\/05\/Footer.avif\",\"datePublished\":\"2024-03-07T12:20:49+00:00\",\"dateModified\":\"2025-08-12T14:57:33+00:00\",\"description\":\"Mieten Sie ein Fahrrad in Knokke-Heist bei Fietsverhuur Knokke. \u2b50Gro\u00dfe Auswahl an Mietfahrr\u00e4dern \u2b50Lieferservice \u2b50Umtauschgarantie \u2b50Online buchen\",\"breadcrumb\":{\"@id\":\"https:\/\/fietsverhuurknokke.be\/de\/datenschutz-grundverordnung\/#breadcrumb\"},\"inLanguage\":\"de\",\"potentialAction\":[{\"@type\":\"ReadAction\",\"target\":[\"https:\/\/fietsverhuurknokke.be\/de\/datenschutz-grundverordnung\/\"]}]},{\"@type\":\"ImageObject\",\"inLanguage\":\"de\",\"@id\":\"https:\/\/fietsverhuurknokke.be\/de\/datenschutz-grundverordnung\/#primaryimage\",\"url\":\"https:\/\/fietsverhuurknokke.be\/wp-content\/uploads\/2025\/05\/Footer.avif\",\"contentUrl\":\"https:\/\/fietsverhuurknokke.be\/wp-content\/uploads\/2025\/05\/Footer.avif\",\"width\":2000,\"height\":1332},{\"@type\":\"BreadcrumbList\",\"@id\":\"https:\/\/fietsverhuurknokke.be\/de\/datenschutz-grundverordnung\/#breadcrumb\",\"itemListElement\":[{\"@type\":\"ListItem\",\"position\":1,\"name\":\"Home\",\"item\":\"https:\/\/fietsverhuurknokke.be\/de\/\"},{\"@type\":\"ListItem\",\"position\":2,\"name\":\"Datenschutz-Grundverordnung\"}]},{\"@type\":\"WebSite\",\"@id\":\"https:\/\/fietsverhuurknokke.be\/#website\",\"url\":\"https:\/\/fietsverhuurknokke.be\/\",\"name\":\"Fietsverhuur Zeeland\",\"description\":\"Fahrradverleih in Knokke-Heist\",\"publisher\":{\"@id\":\"https:\/\/fietsverhuurknokke.be\/#organization\"},\"potentialAction\":[{\"@type\":\"SearchAction\",\"target\":{\"@type\":\"EntryPoint\",\"urlTemplate\":\"https:\/\/fietsverhuurknokke.be\/?s={search_term_string}\"},\"query-input\":{\"@type\":\"PropertyValueSpecification\",\"valueRequired\":true,\"valueName\":\"search_term_string\"}}],\"inLanguage\":\"de\"},{\"@type\":\"Organization\",\"@id\":\"https:\/\/fietsverhuurknokke.be\/#organization\",\"name\":\"Fietsverhuur Zeeland\",\"url\":\"https:\/\/fietsverhuurknokke.be\/\",\"logo\":{\"@type\":\"ImageObject\",\"inLanguage\":\"de\",\"@id\":\"https:\/\/fietsverhuurknokke.be\/#\/schema\/logo\/image\/\",\"url\":\"https:\/\/fietsverhuurknokke.be\/wp-content\/uploads\/2024\/02\/fietsverhuur_logo_retina.png\",\"contentUrl\":\"https:\/\/fietsverhuurknokke.be\/wp-content\/uploads\/2024\/02\/fietsverhuur_logo_retina.png\",\"width\":301,\"height\":181,\"caption\":\"Fietsverhuur Zeeland\"},\"image\":{\"@id\":\"https:\/\/fietsverhuurknokke.be\/#\/schema\/logo\/image\/\"},\"sameAs\":[\"https:\/\/www.facebook.com\/FietsverhuurZeeland\/\"]}]}<\/script>\n<!-- \/ Yoast SEO plugin. -->","yoast_head_json":{"title":"Datenschutz-Grundverordnung | Fahrradverleih Knokke","description":"Mieten Sie ein Fahrrad in Knokke-Heist bei Fietsverhuur Knokke. \u2b50Gro\u00dfe Auswahl an Mietfahrr\u00e4dern \u2b50Lieferservice \u2b50Umtauschgarantie \u2b50Online buchen","robots":{"index":"index","follow":"follow","max-snippet":"max-snippet:-1","max-image-preview":"max-image-preview:large","max-video-preview":"max-video-preview:-1"},"canonical":"https:\/\/fietsverhuurknokke.be\/de\/datenschutz-grundverordnung\/","og_locale":"de_DE","og_type":"article","og_title":"Datenschutz-Grundverordnung | Fahrradverleih Knokke","og_description":"Mieten Sie ein Fahrrad in Knokke-Heist bei Fietsverhuur Knokke. \u2b50Gro\u00dfe Auswahl an Mietfahrr\u00e4dern \u2b50Lieferservice \u2b50Umtauschgarantie \u2b50Online buchen","og_url":"https:\/\/fietsverhuurknokke.be\/de\/datenschutz-grundverordnung\/","og_site_name":"Fahrradverleih Knokke-Heist","article_publisher":"https:\/\/www.facebook.com\/FietsverhuurZeeland\/","article_modified_time":"2025-08-12T14:57:33+00:00","og_image":[{"width":2000,"height":1332,"url":"https:\/\/fietsverhuurknokke.be\/wp-content\/uploads\/2025\/05\/Footer.avif","type":"image\/jpeg"}],"twitter_card":"summary_large_image","twitter_misc":{"Gesch\u00e4tzte Lesezeit":"2\u00a0Minuten"},"schema":{"@context":"https:\/\/schema.org","@graph":[{"@type":"WebPage","@id":"https:\/\/fietsverhuurknokke.be\/de\/datenschutz-grundverordnung\/","url":"https:\/\/fietsverhuurknokke.be\/de\/datenschutz-grundverordnung\/","name":"Datenschutz-Grundverordnung | Fahrradverleih Knokke","isPartOf":{"@id":"https:\/\/fietsverhuurknokke.be\/#website"},"primaryImageOfPage":{"@id":"https:\/\/fietsverhuurknokke.be\/de\/datenschutz-grundverordnung\/#primaryimage"},"image":{"@id":"https:\/\/fietsverhuurknokke.be\/de\/datenschutz-grundverordnung\/#primaryimage"},"thumbnailUrl":"https:\/\/fietsverhuurknokke.be\/wp-content\/uploads\/2025\/05\/Footer.avif","datePublished":"2024-03-07T12:20:49+00:00","dateModified":"2025-08-12T14:57:33+00:00","description":"Mieten Sie ein Fahrrad in Knokke-Heist bei Fietsverhuur Knokke. \u2b50Gro\u00dfe Auswahl an Mietfahrr\u00e4dern \u2b50Lieferservice \u2b50Umtauschgarantie \u2b50Online buchen","breadcrumb":{"@id":"https:\/\/fietsverhuurknokke.be\/de\/datenschutz-grundverordnung\/#breadcrumb"},"inLanguage":"de","potentialAction":[{"@type":"ReadAction","target":["https:\/\/fietsverhuurknokke.be\/de\/datenschutz-grundverordnung\/"]}]},{"@type":"ImageObject","inLanguage":"de","@id":"https:\/\/fietsverhuurknokke.be\/de\/datenschutz-grundverordnung\/#primaryimage","url":"https:\/\/fietsverhuurknokke.be\/wp-content\/uploads\/2025\/05\/Footer.avif","contentUrl":"https:\/\/fietsverhuurknokke.be\/wp-content\/uploads\/2025\/05\/Footer.avif","width":2000,"height":1332},{"@type":"BreadcrumbList","@id":"https:\/\/fietsverhuurknokke.be\/de\/datenschutz-grundverordnung\/#breadcrumb","itemListElement":[{"@type":"ListItem","position":1,"name":"Home","item":"https:\/\/fietsverhuurknokke.be\/de\/"},{"@type":"ListItem","position":2,"name":"Datenschutz-Grundverordnung"}]},{"@type":"WebSite","@id":"https:\/\/fietsverhuurknokke.be\/#website","url":"https:\/\/fietsverhuurknokke.be\/","name":"Fietsverhuur Zeeland","description":"Fahrradverleih in Knokke-Heist","publisher":{"@id":"https:\/\/fietsverhuurknokke.be\/#organization"},"potentialAction":[{"@type":"SearchAction","target":{"@type":"EntryPoint","urlTemplate":"https:\/\/fietsverhuurknokke.be\/?s={search_term_string}"},"query-input":{"@type":"PropertyValueSpecification","valueRequired":true,"valueName":"search_term_string"}}],"inLanguage":"de"},{"@type":"Organization","@id":"https:\/\/fietsverhuurknokke.be\/#organization","name":"Fietsverhuur Zeeland","url":"https:\/\/fietsverhuurknokke.be\/","logo":{"@type":"ImageObject","inLanguage":"de","@id":"https:\/\/fietsverhuurknokke.be\/#\/schema\/logo\/image\/","url":"https:\/\/fietsverhuurknokke.be\/wp-content\/uploads\/2024\/02\/fietsverhuur_logo_retina.png","contentUrl":"https:\/\/fietsverhuurknokke.be\/wp-content\/uploads\/2024\/02\/fietsverhuur_logo_retina.png","width":301,"height":181,"caption":"Fietsverhuur Zeeland"},"image":{"@id":"https:\/\/fietsverhuurknokke.be\/#\/schema\/logo\/image\/"},"sameAs":["https:\/\/www.facebook.com\/FietsverhuurZeeland\/"]}]}},"_links":{"self":[{"href":"https:\/\/fietsverhuurknokke.be\/de\/wp-json\/wp\/v2\/pages\/4840","targetHints":{"allow":["GET"]}}],"collection":[{"href":"https:\/\/fietsverhuurknokke.be\/de\/wp-json\/wp\/v2\/pages"}],"about":[{"href":"https:\/\/fietsverhuurknokke.be\/de\/wp-json\/wp\/v2\/types\/page"}],"author":[{"embeddable":true,"href":"https:\/\/fietsverhuurknokke.be\/de\/wp-json\/wp\/v2\/users\/1"}],"replies":[{"embeddable":true,"href":"https:\/\/fietsverhuurknokke.be\/de\/wp-json\/wp\/v2\/comments?post=4840"}],"version-history":[{"count":4,"href":"https:\/\/fietsverhuurknokke.be\/de\/wp-json\/wp\/v2\/pages\/4840\/revisions"}],"predecessor-version":[{"id":8527,"href":"https:\/\/fietsverhuurknokke.be\/de\/wp-json\/wp\/v2\/pages\/4840\/revisions\/8527"}],"wp:featuredmedia":[{"embeddable":true,"href":"https:\/\/fietsverhuurknokke.be\/de\/wp-json\/wp\/v2\/media\/7838"}],"wp:attachment":[{"href":"https:\/\/fietsverhuurknokke.be\/de\/wp-json\/wp\/v2\/media?parent=4840"}],"curies":[{"name":"wp","href":"https:\/\/api.w.org\/{rel}","templated":true}]}}