{"id":8493,"date":"2025-08-05T08:06:47","date_gmt":"2025-08-05T08:06:47","guid":{"rendered":"https:\/\/fietsverhuurknokke.be\/?page_id=8493"},"modified":"2025-08-12T14:57:37","modified_gmt":"2025-08-12T14:57:37","slug":"fahrrad-reservieren","status":"publish","type":"page","link":"https:\/\/fietsverhuurknokke.be\/de\/fahrrad-reservieren\/","title":{"rendered":"Fahrrad reservieren"},"content":{"rendered":"\n<h1 class=\"wp-block-heading\">Reservieren Sie Ihr Fahrrad online<\/h1>\n\n\n\n<p>M\u00f6chten Sie unbeschwert losfahren? F\u00fcllen Sie einfach das Formular aus, um ein Fahrrad zu reservieren. So stellen wir sicher, dass die Fahrr\u00e4der f\u00fcr Sie bereitstehen.<\/p>\n\n\n\n<script type=\"text\/javascript\">\n    \/\/ Define variables with PHP values\n    var emailPartner = '';\n    var postTitle = 'Fahrrad reservieren'; \/\/ Use esc_js for safe JavaScript output\n\n    \/\/ Function to decode HTML entities\n    function decodeHtmlEntities(text) {\n        var textArea = document.createElement('textarea');\n        textArea.innerHTML = text;\n        return textArea.value;\n    }\n\n    \/\/ Log to the console for debugging\n    console.log(\"Email Partner Variable Set: \", decodeHtmlEntities(emailPartner));\n    console.log(\"Post Title Variable Set: \", decodeHtmlEntities(postTitle)); \/\/ Decode HTML entities for debugging\n\n    document.addEventListener(\"DOMContentLoaded\", function(){\n        \/\/ Find the container by its data-name attribute for email\n        var partnerMailContainer = document.querySelector('[data-name=\"form_partnermail\"]');\n\n        \/\/ Find the container by its data-name attribute for title\n        var postTitleContainer = document.querySelector('[data-name=\"form_posttitle\"]'); \/\/ Adjust the data-name to your title field's data-name\n\n        \/\/ Set the email field value, decoding HTML entities\n        if(partnerMailContainer) {\n            var emailPartnerField = partnerMailContainer.querySelector('input');\n            if(emailPartnerField) {\n                emailPartnerField.value = decodeHtmlEntities('');\n            }\n        }\n\n        \/\/ Set the title field value, decoding HTML entities\n        if(postTitleContainer) {\n            var postTitleField = postTitleContainer.querySelector('input');\n            if(postTitleField) {\n                postTitleField.value = decodeHtmlEntities('Fahrrad reservieren'); \/\/ Decode HTML entities when setting the value\n            }\n        }\n    });\n<\/script>\n\n\n<form class=\"af-form acf-form\" method=\"POST\" action=\"https:\/\/fietsverhuurknokke.be\/de\/wp-json\/wp\/v2\/pages\/8493\" id=\"form_65dd9bfcc7af3\" data-key=\"form_65dd9bfcc7af3\"><div class=\"af-fields acf-fields acf-form-fields -top\">\t<div id=\"acf-form-data\" class=\"acf-hidden\">\n\t\t<input type=\"hidden\" id=\"_acf_screen\" name=\"_acf_screen\" value=\"acf_form\"\/><input type=\"hidden\" id=\"_acf_post_id\" name=\"_acf_post_id\" value=\"0\"\/><input type=\"hidden\" id=\"_acf_validation\" name=\"_acf_validation\" value=\"1\"\/><input type=\"hidden\" id=\"_acf_form\" name=\"_acf_form\" value=\"0\"\/><input type=\"hidden\" id=\"_acf_nonce\" name=\"_acf_nonce\" value=\"7e16a1cb3d\"\/><input type=\"hidden\" id=\"_acf_changed\" name=\"_acf_changed\" value=\"0\"\/>\t<\/div>\n\t<div class=\"acf-hidden\"><input type=\"hidden\" name=\"_acfnonce\" value=\"449bd42332\"><input type=\"hidden\" name=\"nonce\" value=\"449bd42332\"><input type=\"hidden\" name=\"af_form\" value=\"form_65dd9bfcc7af3\"><input type=\"hidden\" name=\"af_form_args\" value=\"eyJhamF4IjpmYWxzZSwiZGlzcGxheV90aXRsZSI6ZmFsc2UsImRpc3BsYXlfZGVzY3JpcHRpb24iOmZhbHNlLCJpZCI6ImZvcm1fNjVkZDliZmNjN2FmMyIsInZhbHVlcyI6W10sInN1Ym1pdF90ZXh0IjoiU2VuZGVuIiwicmVkaXJlY3QiOiJcL2JldmVzdGlnaW5nLWZvcm11bGllciIsInRhcmdldCI6Imh0dHBzOlwvXC9maWV0c3Zlcmh1dXJrbm9ra2UuYmVcL2RlXC93cC1qc29uXC93cFwvdjJcL3BhZ2VzXC84NDkzIiwiZWNobyI6dHJ1ZSwiZXhjbHVkZV9maWVsZHMiOlsiZm9ybV9kYXlzIiwiZm9ybV92ZXJibGlqZiIsImZvcm1fdmVyYmxpamZfYWRyZXMiLCJmb3JtX3ZlcmJsaWpmX3dvb24iLCJmb3JtX2RhdGVfYmV6b3JnIiwiZm9ybV9ncl9hYW52cmFhZ19sb2NhdGllIiwiZm9ybV9ncl9hYW52cmFhZ19hZHJlcyIsImZvcm1fZ3JfYWFudnJhYWdfc3RhcnR0aWpkIiwiZm9ybV9ncl9hYW52cmFhZ19laW5kdGlqZCIsImZvcm1fZGF0ZSIsImZvcm1fZ3JfYWFudnJhYWdfZGF5cyIsImZvcm1fZ3JfYWFudnJhYWdfcGVyc29uIl0sInVwbG9hZGVyIjoid3AiLCJmaWx0ZXJfbW9kZSI6ZmFsc2UsImxhYmVsX3BsYWNlbWVudCI6InRvcCIsImluc3RydWN0aW9uX3BsYWNlbWVudCI6ImxhYmVsIiwiaG9uZXlwb3QiOnRydWV9\"><input type=\"hidden\" name=\"_acf_form\" value=\"eyJhamF4IjpmYWxzZSwiZGlzcGxheV90aXRsZSI6ZmFsc2UsImRpc3BsYXlfZGVzY3JpcHRpb24iOmZhbHNlLCJpZCI6ImZvcm1fNjVkZDliZmNjN2FmMyIsInZhbHVlcyI6W10sInN1Ym1pdF90ZXh0IjoiU2VuZGVuIiwicmVkaXJlY3QiOiJcL2JldmVzdGlnaW5nLWZvcm11bGllciIsInRhcmdldCI6Imh0dHBzOlwvXC9maWV0c3Zlcmh1dXJrbm9ra2UuYmVcL2RlXC93cC1qc29uXC93cFwvdjJcL3BhZ2VzXC84NDkzIiwiZWNobyI6dHJ1ZSwiZXhjbHVkZV9maWVsZHMiOlsiZm9ybV9kYXlzIiwiZm9ybV92ZXJibGlqZiIsImZvcm1fdmVyYmxpamZfYWRyZXMiLCJmb3JtX3ZlcmJsaWpmX3dvb24iLCJmb3JtX2RhdGVfYmV6b3JnIiwiZm9ybV9ncl9hYW52cmFhZ19sb2NhdGllIiwiZm9ybV9ncl9hYW52cmFhZ19hZHJlcyIsImZvcm1fZ3JfYWFudnJhYWdfc3RhcnR0aWpkIiwiZm9ybV9ncl9hYW52cmFhZ19laW5kdGlqZCIsImZvcm1fZGF0ZSIsImZvcm1fZ3JfYWFudnJhYWdfZGF5cyIsImZvcm1fZ3JfYWFudnJhYWdfcGVyc29uIl0sInVwbG9hZGVyIjoid3AiLCJmaWx0ZXJfbW9kZSI6ZmFsc2UsImxhYmVsX3BsYWNlbWVudCI6InRvcCIsImluc3RydWN0aW9uX3BsYWNlbWVudCI6ImxhYmVsIiwiaG9uZXlwb3QiOnRydWV9\"><input type=\"hidden\" name=\"af_form_nonce\" value=\"a6a341ba08\"><label for=\"af_email_for_non_humans_form_65dd9bfcc7af3\" aria-hidden=\"true\">Email for non-humans<\/label><input type=\"text\" name=\"email_for_non_humans\" id=\"af_email_for_non_humans_form_65dd9bfcc7af3\" tabindex=\"-1\" autocomplete=\"off\" \/><input type=\"hidden\" name=\"af_origin_url\" value=\"https:\/\/fietsverhuurknokke.be\/de\/wp-json\/wp\/v2\/pages\/8493\" \/><\/div><div class=\"hidden af-field af-field-type-text af-field-form-posttitle acf-field acf-field-text acf-field-65ddf424ad00a\" data-name=\"form_posttitle\" data-key=\"field_65ddf424ad00a\" data-type=\"text\"><div class=\"af-label acf-label\"><label for=\"acf-field_65ddf424ad00a\">Art der Seite:<\/label><\/div><div class=\"af-input acf-input\"><div class=\"acf-input-wrap\"><input type=\"text\" id=\"acf-field_65ddf424ad00a\" name=\"acf[field_65ddf424ad00a]\"\/><\/div><\/div><\/div><div class=\"af-field af-field-type-text af-field-form-name acf-field acf-field-text acf-field-65dd9d6ce4a1e af-field-required\" data-name=\"form_name\" data-key=\"field_65dd9d6ce4a1e\" data-type=\"text\"><div class=\"af-label acf-label\"><label for=\"acf-field_65dd9d6ce4a1e\">Name: <span class=\"acf-required\">*<\/span><\/label><\/div><div class=\"af-input acf-input\"><div class=\"acf-input-wrap\"><input type=\"text\" id=\"acf-field_65dd9d6ce4a1e\" name=\"acf[field_65dd9d6ce4a1e]\" required=\"required\"\/><\/div><\/div><\/div><div class=\"af-field af-field-type-text af-field-form-adres acf-field acf-field-text acf-field-65dd9d75e4a1f\" data-name=\"form_adres\" data-key=\"field_65dd9d75e4a1f\" data-type=\"text\"><div class=\"af-label acf-label\"><label for=\"acf-field_65dd9d75e4a1f\">Adresse:<\/label><\/div><div class=\"af-input acf-input\"><div class=\"acf-input-wrap\"><input type=\"text\" id=\"acf-field_65dd9d75e4a1f\" name=\"acf[field_65dd9d75e4a1f]\"\/><\/div><\/div><\/div><div class=\"af-field af-field-type-text af-field-form-phone acf-field acf-field-text acf-field-65dd9d81e4a20 af-field-required\" data-name=\"form_phone\" data-key=\"field_65dd9d81e4a20\" data-type=\"text\"><div class=\"af-label acf-label\"><label for=\"acf-field_65dd9d81e4a20\">Telefonnummer: <span class=\"acf-required\">*<\/span><\/label><\/div><div class=\"af-input acf-input\"><div class=\"acf-input-wrap\"><input type=\"text\" id=\"acf-field_65dd9d81e4a20\" name=\"acf[field_65dd9d81e4a20]\" required=\"required\"\/><\/div><\/div><\/div><div class=\"af-field af-field-type-text af-field-form-email acf-field acf-field-text acf-field-65dda2d8b9bc1 af-field-required\" data-name=\"form_email\" data-key=\"field_65dda2d8b9bc1\" data-type=\"text\"><div class=\"af-label acf-label\"><label for=\"acf-field_65dda2d8b9bc1\">E-mail adresse: <span class=\"acf-required\">*<\/span><\/label><\/div><div class=\"af-input acf-input\"><div class=\"acf-input-wrap\"><input type=\"text\" id=\"acf-field_65dda2d8b9bc1\" name=\"acf[field_65dda2d8b9bc1]\" required=\"required\"\/><\/div><\/div><\/div><div class=\"af-field af-field-type-date-picker af-field-form-date-start acf-field acf-field-date-picker acf-field-6891b5f655ecc af-field-required\" data-name=\"form_date_start\" data-key=\"field_6891b5f655ecc\" data-type=\"date_picker\"><div class=\"af-label acf-label\"><label for=\"acf-field_6891b5f655ecc\">Startdatum <span class=\"acf-required\">*<\/span><\/label><\/div><div class=\"af-input acf-input\">\t\t<div class=\"acf-date-picker acf-input-wrap\" data-date_format=\"MM d, yy\" data-first_day=\"1\">\n\t\t\t<input type=\"hidden\" id=\"acf-field_6891b5f655ecc\" name=\"acf[field_6891b5f655ecc]\" value=\"\"\/>\t\t\t<input type=\"text\" class=\"input\" value=\"\" data-default-to-today=\"0\"\/>\t\t<\/div>\n\t\t\t<\/div><\/div><div class=\"af-field af-field-type-date-picker af-field-form-date-end acf-field acf-field-date-picker acf-field-6891b60b55ecd af-field-required\" data-name=\"form_date_end\" data-key=\"field_6891b60b55ecd\" data-type=\"date_picker\"><div class=\"af-label acf-label\"><label for=\"acf-field_6891b60b55ecd\">Enddatum <span class=\"acf-required\">*<\/span><\/label><\/div><div class=\"af-input acf-input\">\t\t<div class=\"acf-date-picker acf-input-wrap\" data-date_format=\"MM d, yy\" data-first_day=\"1\">\n\t\t\t<input type=\"hidden\" id=\"acf-field_6891b60b55ecd\" name=\"acf[field_6891b60b55ecd]\" value=\"\"\/>\t\t\t<input type=\"text\" class=\"input\" value=\"\" data-default-to-today=\"0\"\/>\t\t<\/div>\n\t\t\t<\/div><\/div><div class=\"af-field af-field-type-repeater af-field-form-bike-repeat acf-field acf-field-repeater acf-field-65dda04fbf725\" data-name=\"form_bike_repeat\" data-key=\"field_65dda04fbf725\" data-type=\"repeater\"><div class=\"af-label acf-label\"><label for=\"acf-field_65dda04fbf725\">W\u00e4hlen Sie Ihre Fahrr\u00e4der:<\/label><\/div><div class=\"af-input acf-input\">\t\t<div class=\"acf-repeater -table\" data-min=\"1\" data-max=\"0\" data-pagination=\"0\" data-prefix=\"acf\">\n\t\t\t<input type=\"hidden\" name=\"acf[field_65dda04fbf725]\" value=\"\" class=\"acf-repeater-hidden-input\"\/>\t\t\t<table class=\"acf-table\">\n\t\t\t\t\t\t<thead>\n\t\t\t<tr>\n\t\t\t\t\t\t\t\t\t<th class=\"acf-row-handle\"><\/th>\n\t\t\t\t\n\t\t\t\t\t\t\t\t\t<th class=\"acf-th\" data-name=\"form_bikes\" data-type=\"select\" data-key=\"field_65dd9dc3e4a23\">\n\t\t\t\t\t\t<label>Fahrr\u00e4der:<\/label>\t\t\t\t\t\t\t\t\t\t\t<\/th>\n\t\t\t\t\t\t\t\t\t<th class=\"acf-th\" data-name=\"form_aantal\" data-type=\"number\" data-key=\"field_65dda069bf726\">\n\t\t\t\t\t\t<label>Anzahl:<\/label>\t\t\t\t\t\t\t\t\t\t\t<\/th>\n\t\t\t\t\n\t\t\t\t\t\t\t\t\t<th class=\"acf-row-handle\"><\/th>\n\t\t\t\t\t\t\t<\/tr>\n\t\t<\/thead>\n\t\t\t\t\t\t<tbody>\n\t\t\t\t\t<tr class=\"acf-row\" data-id=\"row-0\">\t\t<td class=\"acf-row-handle order\" title=\"Ziehen zum Sortieren\">\n\t\t\t\t\t\t<span class=\"acf-row-number\" title=\"Ziehen zum Sortieren\">1<\/span>\t\t<\/td>\n\t\t<td class=\"acf-field acf-field-select acf-field-65dd9dc3e4a23\" data-name=\"form_bikes\" data-type=\"select\" data-key=\"field_65dd9dc3e4a23\">\n<div class=\"acf-input\">\n<select id=\"acf-field_65dda04fbf725-row-0-field_65dd9dc3e4a23\" class=\"\" name=\"acf[field_65dda04fbf725][row-0][field_65dd9dc3e4a23]\" data-ui=\"0\" data-ajax=\"0\" data-multiple=\"0\" data-placeholder=\"Ausw\u00e4hlen\" data-allow_null=\"0\"><option value=\"4592\">E-Bike<\/option><option value=\"4808\">Elektrische Lastenfahrr\u00e4der<\/option><option value=\"8560\">Elektro-Tandem<\/option><option value=\"5048\">Fahrrad Basic<\/option><option value=\"5117\">Tandem<\/option><\/select><\/div>\n<\/td>\n<td class=\"acf-field acf-field-number acf-field-65dda069bf726\" data-name=\"form_aantal\" data-type=\"number\" data-key=\"field_65dda069bf726\">\n<div class=\"acf-input\">\n<div class=\"acf-input-wrap\"><input type=\"number\" id=\"acf-field_65dda04fbf725-row-0-field_65dda069bf726\" name=\"acf[field_65dda04fbf725][row-0][field_65dda069bf726]\" value=\"1\" min=\"1\" max=\"50\" step=\"any\"\/><\/div><\/div>\n<\/td>\n\t\t<td class=\"acf-row-handle remove\">\n\t\t\t<a class=\"acf-icon -plus small acf-js-tooltip hide-on-shift\" href=\"#\" data-event=\"add-row\" title=\"Eintrag hinzuf\u00fcgen\"><\/a>\n\t\t\t<a class=\"acf-icon -duplicate small acf-js-tooltip show-on-shift\" href=\"#\" data-event=\"duplicate-row\" title=\"Zeile duplizieren\"><\/a>\n\t\t\t<a class=\"acf-icon -minus small acf-js-tooltip\" href=\"#\" data-event=\"remove-row\" title=\"Eintrag entfernen\"><\/a>\n\t\t<\/td>\n\t\t<\/tr><tr class=\"acf-row acf-clone\" data-id=\"acfcloneindex\">\t\t<td class=\"acf-row-handle order\" title=\"Ziehen zum Sortieren\">\n\t\t\t\t\t\t<span class=\"acf-row-number\" title=\"Ziehen zum Sortieren\">1<\/span>\t\t<\/td>\n\t\t<td class=\"acf-field acf-field-select acf-field-65dd9dc3e4a23\" data-name=\"form_bikes\" data-type=\"select\" data-key=\"field_65dd9dc3e4a23\">\n<div class=\"acf-input\">\n<select id=\"acf-field_65dda04fbf725-acfcloneindex-field_65dd9dc3e4a23\" class=\"\" name=\"acf[field_65dda04fbf725][acfcloneindex][field_65dd9dc3e4a23]\" data-ui=\"0\" data-ajax=\"0\" data-multiple=\"0\" data-placeholder=\"Ausw\u00e4hlen\" data-allow_null=\"0\"><option value=\"4592\">E-Bike<\/option><option value=\"4808\">Elektrische Lastenfahrr\u00e4der<\/option><option value=\"8560\">Elektro-Tandem<\/option><option value=\"5048\">Fahrrad Basic<\/option><option value=\"5117\">Tandem<\/option><\/select><\/div>\n<\/td>\n<td class=\"acf-field acf-field-number acf-field-65dda069bf726\" data-name=\"form_aantal\" data-type=\"number\" data-key=\"field_65dda069bf726\">\n<div class=\"acf-input\">\n<div class=\"acf-input-wrap\"><input type=\"number\" id=\"acf-field_65dda04fbf725-acfcloneindex-field_65dda069bf726\" name=\"acf[field_65dda04fbf725][acfcloneindex][field_65dda069bf726]\" value=\"1\" min=\"1\" max=\"50\" step=\"any\"\/><\/div><\/div>\n<\/td>\n\t\t<td class=\"acf-row-handle remove\">\n\t\t\t<a class=\"acf-icon -plus small acf-js-tooltip hide-on-shift\" href=\"#\" data-event=\"add-row\" title=\"Eintrag hinzuf\u00fcgen\"><\/a>\n\t\t\t<a class=\"acf-icon -duplicate small acf-js-tooltip show-on-shift\" href=\"#\" data-event=\"duplicate-row\" title=\"Zeile duplizieren\"><\/a>\n\t\t\t<a class=\"acf-icon -minus small acf-js-tooltip\" href=\"#\" data-event=\"remove-row\" title=\"Eintrag entfernen\"><\/a>\n\t\t<\/td>\n\t\t<\/tr>\n\t\t\t\t<\/tbody>\n\t\t\t<\/table>\n\t\t\t\t\t<div class=\"acf-actions\">\n\t\t\t<a class=\"acf-button acf-repeater-add-row button button-primary\" href=\"#\" data-event=\"add-row\">Fahrrad hinzuf\u00fcgen:<\/a>\n\t\t\t\t\t\t<div class=\"clear\"><\/div>\n\t\t<\/div>\n\t\t\t\t<\/div>\n\t\t<\/div><\/div><div class=\"af-field af-field-type-textarea af-field-form-comments acf-field acf-field-textarea acf-field-65dd9de6e4a24\" data-name=\"form_comments\" data-key=\"field_65dd9de6e4a24\" data-type=\"textarea\"><div class=\"af-label acf-label\"><label for=\"acf-field_65dd9de6e4a24\">Bemerkungen:<\/label><\/div><div class=\"af-input acf-input\"><textarea id=\"acf-field_65dd9de6e4a24\" name=\"acf[field_65dd9de6e4a24]\" rows=\"8\"><\/textarea><\/div><\/div><div class=\"form-partnermail hidden af-field af-field-type-text af-field-form-partnermail acf-field acf-field-text acf-field-65ddba744748f\" data-name=\"form_partnermail\" data-key=\"field_65ddba744748f\" data-type=\"text\"><div class=\"af-label acf-label\"><label for=\"acf-field_65ddba744748f\">Form_partnermail<\/label><\/div><div class=\"af-input acf-input\"><div class=\"acf-input-wrap\"><input type=\"text\" id=\"acf-field_65ddba744748f\" name=\"acf[field_65ddba744748f]\"\/><\/div><\/div><\/div><div class=\"af-submit acf-form-submit\"><button type=\"submit\" class=\"acf-button af-submit-button btn\">Senden<\/button><span class=\"acf-spinner af-spinner\"><\/span><\/div><\/div><\/form>\n","protected":false},"excerpt":{"rendered":"<p>Reservieren Sie Ihr Fahrrad online M\u00f6chten Sie unbeschwert losfahren? F\u00fcllen Sie einfach das Formular aus, um ein Fahrrad zu reservieren. So stellen wir sicher, dass die Fahrr\u00e4der f\u00fcr Sie bereitstehen.<\/p>\n","protected":false},"author":1,"featured_media":7814,"parent":0,"menu_order":0,"comment_status":"closed","ping_status":"closed","template":"","meta":{"_acf_changed":false,"footnotes":""},"class_list":["post-8493","page","type-page","status-publish","has-post-thumbnail","hentry"],"acf":[],"yoast_head":"<!-- This site is optimized with the Yoast SEO plugin v25.8 - https:\/\/yoast.com\/wordpress\/plugins\/seo\/ -->\n<title>Fahrrad reservieren | Fahrradverleih Knokke<\/title>\n<meta name=\"description\" content=\"Mieten Sie ein Fahrrad in Knokke-Heist bei Fietsverhuur Knokke. \u2b50 Gro\u00dfe Auswahl an Mietr\u00e4dern \u2b50 Lieferservice \u2b50 Umtauschgarantie \u2b50 Online buchen\" \/>\n<meta name=\"robots\" content=\"index, follow, max-snippet:-1, max-image-preview:large, max-video-preview:-1\" \/>\n<link rel=\"canonical\" href=\"https:\/\/fietsverhuurknokke.be\/de\/fahrrad-reservieren\/\" \/>\n<meta property=\"og:locale\" content=\"de_DE\" \/>\n<meta property=\"og:type\" content=\"article\" \/>\n<meta property=\"og:title\" content=\"Fahrrad reservieren | Fahrradverleih Knokke\" \/>\n<meta property=\"og:description\" content=\"Mieten Sie ein Fahrrad in Knokke-Heist bei Fietsverhuur Knokke. \u2b50 Gro\u00dfe Auswahl an Mietr\u00e4dern \u2b50 Lieferservice \u2b50 Umtauschgarantie \u2b50 Online buchen\" \/>\n<meta property=\"og:url\" content=\"https:\/\/fietsverhuurknokke.be\/de\/fahrrad-reservieren\/\" \/>\n<meta property=\"og:site_name\" content=\"Fahrradverleih Knokke-Heist\" \/>\n<meta property=\"article:publisher\" content=\"https:\/\/www.facebook.com\/FietsverhuurZeeland\/\" \/>\n<meta property=\"article:modified_time\" content=\"2025-08-12T14:57:37+00:00\" \/>\n<meta property=\"og:image\" content=\"https:\/\/fietsverhuurknokke.be\/wp-content\/uploads\/2025\/05\/DSC_5476.avif\" \/>\n\t<meta property=\"og:image:width\" content=\"1332\" \/>\n\t<meta property=\"og:image:height\" content=\"2000\" \/>\n\t<meta property=\"og:image:type\" content=\"image\/jpeg\" \/>\n<meta name=\"twitter:card\" content=\"summary_large_image\" \/>\n<meta name=\"twitter:label1\" content=\"Gesch\u00e4tzte Lesezeit\" \/>\n\t<meta name=\"twitter:data1\" content=\"1\u00a0Minute\" \/>\n<script type=\"application\/ld+json\" class=\"yoast-schema-graph\">{\"@context\":\"https:\/\/schema.org\",\"@graph\":[{\"@type\":\"WebPage\",\"@id\":\"https:\/\/fietsverhuurknokke.be\/de\/fahrrad-reservieren\/\",\"url\":\"https:\/\/fietsverhuurknokke.be\/de\/fahrrad-reservieren\/\",\"name\":\"Fahrrad reservieren | Fahrradverleih Knokke\",\"isPartOf\":{\"@id\":\"https:\/\/fietsverhuurknokke.be\/#website\"},\"primaryImageOfPage\":{\"@id\":\"https:\/\/fietsverhuurknokke.be\/de\/fahrrad-reservieren\/#primaryimage\"},\"image\":{\"@id\":\"https:\/\/fietsverhuurknokke.be\/de\/fahrrad-reservieren\/#primaryimage\"},\"thumbnailUrl\":\"https:\/\/fietsverhuurknokke.be\/wp-content\/uploads\/2025\/05\/DSC_5476.avif\",\"datePublished\":\"2025-08-05T08:06:47+00:00\",\"dateModified\":\"2025-08-12T14:57:37+00:00\",\"description\":\"Mieten Sie ein Fahrrad in Knokke-Heist bei Fietsverhuur Knokke. \u2b50 Gro\u00dfe Auswahl an Mietr\u00e4dern \u2b50 Lieferservice \u2b50 Umtauschgarantie \u2b50 Online buchen\",\"breadcrumb\":{\"@id\":\"https:\/\/fietsverhuurknokke.be\/de\/fahrrad-reservieren\/#breadcrumb\"},\"inLanguage\":\"de\",\"potentialAction\":[{\"@type\":\"ReadAction\",\"target\":[\"https:\/\/fietsverhuurknokke.be\/de\/fahrrad-reservieren\/\"]}]},{\"@type\":\"ImageObject\",\"inLanguage\":\"de\",\"@id\":\"https:\/\/fietsverhuurknokke.be\/de\/fahrrad-reservieren\/#primaryimage\",\"url\":\"https:\/\/fietsverhuurknokke.be\/wp-content\/uploads\/2025\/05\/DSC_5476.avif\",\"contentUrl\":\"https:\/\/fietsverhuurknokke.be\/wp-content\/uploads\/2025\/05\/DSC_5476.avif\",\"width\":1332,\"height\":2000},{\"@type\":\"BreadcrumbList\",\"@id\":\"https:\/\/fietsverhuurknokke.be\/de\/fahrrad-reservieren\/#breadcrumb\",\"itemListElement\":[{\"@type\":\"ListItem\",\"position\":1,\"name\":\"Home\",\"item\":\"https:\/\/fietsverhuurknokke.be\/de\/\"},{\"@type\":\"ListItem\",\"position\":2,\"name\":\"Fahrrad reservieren\"}]},{\"@type\":\"WebSite\",\"@id\":\"https:\/\/fietsverhuurknokke.be\/#website\",\"url\":\"https:\/\/fietsverhuurknokke.be\/\",\"name\":\"Fietsverhuur Zeeland\",\"description\":\"Fahrradverleih in Knokke-Heist\",\"publisher\":{\"@id\":\"https:\/\/fietsverhuurknokke.be\/#organization\"},\"potentialAction\":[{\"@type\":\"SearchAction\",\"target\":{\"@type\":\"EntryPoint\",\"urlTemplate\":\"https:\/\/fietsverhuurknokke.be\/?s={search_term_string}\"},\"query-input\":{\"@type\":\"PropertyValueSpecification\",\"valueRequired\":true,\"valueName\":\"search_term_string\"}}],\"inLanguage\":\"de\"},{\"@type\":\"Organization\",\"@id\":\"https:\/\/fietsverhuurknokke.be\/#organization\",\"name\":\"Fietsverhuur Zeeland\",\"url\":\"https:\/\/fietsverhuurknokke.be\/\",\"logo\":{\"@type\":\"ImageObject\",\"inLanguage\":\"de\",\"@id\":\"https:\/\/fietsverhuurknokke.be\/#\/schema\/logo\/image\/\",\"url\":\"https:\/\/fietsverhuurknokke.be\/wp-content\/uploads\/2024\/02\/fietsverhuur_logo_retina.png\",\"contentUrl\":\"https:\/\/fietsverhuurknokke.be\/wp-content\/uploads\/2024\/02\/fietsverhuur_logo_retina.png\",\"width\":301,\"height\":181,\"caption\":\"Fietsverhuur Zeeland\"},\"image\":{\"@id\":\"https:\/\/fietsverhuurknokke.be\/#\/schema\/logo\/image\/\"},\"sameAs\":[\"https:\/\/www.facebook.com\/FietsverhuurZeeland\/\"]}]}<\/script>\n<!-- \/ Yoast SEO plugin. -->","yoast_head_json":{"title":"Fahrrad reservieren | Fahrradverleih Knokke","description":"Mieten Sie ein Fahrrad in Knokke-Heist bei Fietsverhuur Knokke. \u2b50 Gro\u00dfe Auswahl an Mietr\u00e4dern \u2b50 Lieferservice \u2b50 Umtauschgarantie \u2b50 Online buchen","robots":{"index":"index","follow":"follow","max-snippet":"max-snippet:-1","max-image-preview":"max-image-preview:large","max-video-preview":"max-video-preview:-1"},"canonical":"https:\/\/fietsverhuurknokke.be\/de\/fahrrad-reservieren\/","og_locale":"de_DE","og_type":"article","og_title":"Fahrrad reservieren | Fahrradverleih Knokke","og_description":"Mieten Sie ein Fahrrad in Knokke-Heist bei Fietsverhuur Knokke. \u2b50 Gro\u00dfe Auswahl an Mietr\u00e4dern \u2b50 Lieferservice \u2b50 Umtauschgarantie \u2b50 Online buchen","og_url":"https:\/\/fietsverhuurknokke.be\/de\/fahrrad-reservieren\/","og_site_name":"Fahrradverleih Knokke-Heist","article_publisher":"https:\/\/www.facebook.com\/FietsverhuurZeeland\/","article_modified_time":"2025-08-12T14:57:37+00:00","og_image":[{"width":1332,"height":2000,"url":"https:\/\/fietsverhuurknokke.be\/wp-content\/uploads\/2025\/05\/DSC_5476.avif","type":"image\/jpeg"}],"twitter_card":"summary_large_image","twitter_misc":{"Gesch\u00e4tzte Lesezeit":"1\u00a0Minute"},"schema":{"@context":"https:\/\/schema.org","@graph":[{"@type":"WebPage","@id":"https:\/\/fietsverhuurknokke.be\/de\/fahrrad-reservieren\/","url":"https:\/\/fietsverhuurknokke.be\/de\/fahrrad-reservieren\/","name":"Fahrrad reservieren | Fahrradverleih Knokke","isPartOf":{"@id":"https:\/\/fietsverhuurknokke.be\/#website"},"primaryImageOfPage":{"@id":"https:\/\/fietsverhuurknokke.be\/de\/fahrrad-reservieren\/#primaryimage"},"image":{"@id":"https:\/\/fietsverhuurknokke.be\/de\/fahrrad-reservieren\/#primaryimage"},"thumbnailUrl":"https:\/\/fietsverhuurknokke.be\/wp-content\/uploads\/2025\/05\/DSC_5476.avif","datePublished":"2025-08-05T08:06:47+00:00","dateModified":"2025-08-12T14:57:37+00:00","description":"Mieten Sie ein Fahrrad in Knokke-Heist bei Fietsverhuur Knokke. \u2b50 Gro\u00dfe Auswahl an Mietr\u00e4dern \u2b50 Lieferservice \u2b50 Umtauschgarantie \u2b50 Online buchen","breadcrumb":{"@id":"https:\/\/fietsverhuurknokke.be\/de\/fahrrad-reservieren\/#breadcrumb"},"inLanguage":"de","potentialAction":[{"@type":"ReadAction","target":["https:\/\/fietsverhuurknokke.be\/de\/fahrrad-reservieren\/"]}]},{"@type":"ImageObject","inLanguage":"de","@id":"https:\/\/fietsverhuurknokke.be\/de\/fahrrad-reservieren\/#primaryimage","url":"https:\/\/fietsverhuurknokke.be\/wp-content\/uploads\/2025\/05\/DSC_5476.avif","contentUrl":"https:\/\/fietsverhuurknokke.be\/wp-content\/uploads\/2025\/05\/DSC_5476.avif","width":1332,"height":2000},{"@type":"BreadcrumbList","@id":"https:\/\/fietsverhuurknokke.be\/de\/fahrrad-reservieren\/#breadcrumb","itemListElement":[{"@type":"ListItem","position":1,"name":"Home","item":"https:\/\/fietsverhuurknokke.be\/de\/"},{"@type":"ListItem","position":2,"name":"Fahrrad reservieren"}]},{"@type":"WebSite","@id":"https:\/\/fietsverhuurknokke.be\/#website","url":"https:\/\/fietsverhuurknokke.be\/","name":"Fietsverhuur Zeeland","description":"Fahrradverleih in Knokke-Heist","publisher":{"@id":"https:\/\/fietsverhuurknokke.be\/#organization"},"potentialAction":[{"@type":"SearchAction","target":{"@type":"EntryPoint","urlTemplate":"https:\/\/fietsverhuurknokke.be\/?s={search_term_string}"},"query-input":{"@type":"PropertyValueSpecification","valueRequired":true,"valueName":"search_term_string"}}],"inLanguage":"de"},{"@type":"Organization","@id":"https:\/\/fietsverhuurknokke.be\/#organization","name":"Fietsverhuur Zeeland","url":"https:\/\/fietsverhuurknokke.be\/","logo":{"@type":"ImageObject","inLanguage":"de","@id":"https:\/\/fietsverhuurknokke.be\/#\/schema\/logo\/image\/","url":"https:\/\/fietsverhuurknokke.be\/wp-content\/uploads\/2024\/02\/fietsverhuur_logo_retina.png","contentUrl":"https:\/\/fietsverhuurknokke.be\/wp-content\/uploads\/2024\/02\/fietsverhuur_logo_retina.png","width":301,"height":181,"caption":"Fietsverhuur Zeeland"},"image":{"@id":"https:\/\/fietsverhuurknokke.be\/#\/schema\/logo\/image\/"},"sameAs":["https:\/\/www.facebook.com\/FietsverhuurZeeland\/"]}]}},"_links":{"self":[{"href":"https:\/\/fietsverhuurknokke.be\/de\/wp-json\/wp\/v2\/pages\/8493","targetHints":{"allow":["GET"]}}],"collection":[{"href":"https:\/\/fietsverhuurknokke.be\/de\/wp-json\/wp\/v2\/pages"}],"about":[{"href":"https:\/\/fietsverhuurknokke.be\/de\/wp-json\/wp\/v2\/types\/page"}],"author":[{"embeddable":true,"href":"https:\/\/fietsverhuurknokke.be\/de\/wp-json\/wp\/v2\/users\/1"}],"replies":[{"embeddable":true,"href":"https:\/\/fietsverhuurknokke.be\/de\/wp-json\/wp\/v2\/comments?post=8493"}],"version-history":[{"count":2,"href":"https:\/\/fietsverhuurknokke.be\/de\/wp-json\/wp\/v2\/pages\/8493\/revisions"}],"predecessor-version":[{"id":8528,"href":"https:\/\/fietsverhuurknokke.be\/de\/wp-json\/wp\/v2\/pages\/8493\/revisions\/8528"}],"wp:featuredmedia":[{"embeddable":true,"href":"https:\/\/fietsverhuurknokke.be\/de\/wp-json\/wp\/v2\/media\/7814"}],"wp:attachment":[{"href":"https:\/\/fietsverhuurknokke.be\/de\/wp-json\/wp\/v2\/media?parent=8493"}],"curies":[{"name":"wp","href":"https:\/\/api.w.org\/{rel}","templated":true}]}}