{"id":8463,"date":"2024-03-07T12:20:49","date_gmt":"2024-03-07T12:20:49","guid":{"rendered":"https:\/\/fietsverhuurknokke.be\/?page_id=8463"},"modified":"2025-08-12T14:56:37","modified_gmt":"2025-08-12T14:56:37","slug":"reglement-general-sur-la-protection-des-donnees","status":"publish","type":"page","link":"https:\/\/fietsverhuurknokke.be\/fr\/reglement-general-sur-la-protection-des-donnees\/","title":{"rendered":"R\u00e8glement g\u00e9n\u00e9ral sur la protection des donn\u00e9es"},"content":{"rendered":"<style type=\"text\/css\">\n    .header-heights {\n        height: 65vh;\n    }\n    .header-heights.home {\n        height: 65vh;\n    }\n    @media (max-width: 767px) {\n        .header-heights {\n            height: 30vh;\n        }\n        .header-heights.home {\n            height: 50vh;\n        }\n    }\n<\/style><section class=\"header-img\"><div class=\"img-inner header-heights\" style=\"background-image: url(https:\/\/fietsverhuurknokke.be\/wp-content\/uploads\/2025\/05\/Header-1600x930.avif);\"><div class=\"header_txt\">\n                    <h3>Location de v\u00e9los \u00e0 Knokke-Heist<\/h3>\n                    <div class=\"txt\"><p>Profitez des magnifiques environs de Knokke-Heist<\/p>\n<\/div><\/div><\/div><\/section>\n\n\n<h1 class=\"wp-block-heading\">R\u00e8glement g\u00e9n\u00e9ral sur la protection des donn\u00e9es (RGPD)<\/h1>\n\n\n\n<p>Location de v\u00e9los Knokke attache une grande importance \u00e0 la confidentialit\u00e9 de tous les visiteurs de son site Web <a href=\"http:\/\/www.fietsverhuurknokke.be\/\">www.fietsverhuurknokke.be<\/a>. Nous veillons \u00e0 ce que les informations personnelles que vous nous communiquez soient trait\u00e9es avec soin et confidentialit\u00e9. Vos informations seront utilis\u00e9es uniquement pour traiter vos r\u00e9servations au Fietsverhuur Knokke de mani\u00e8re fluide et efficace. De plus, nous n&rsquo;utilisons vos informations qu&rsquo;avec votre autorisation expresse. Elles ne seront jamais vendues \u00e0 des tiers.<\/p>\n\n\n\n<p>Fietsverhuur Knokke utilise les donn\u00e9es collect\u00e9es pour vous fournir les services suivants&nbsp;: Lorsque vous effectuez une r\u00e9servation, nous avons besoin de votre nom, de votre adresse e-mail et de vos informations de paiement pour finaliser la r\u00e9servation et vous tenir inform\u00e9 de son statut.<\/p>\n\n\n\n<p>Lorsque vous effectuez une r\u00e9servation aupr\u00e8s de Fietsverhuur Knokke, vos informations sont stock\u00e9es en toute s\u00e9curit\u00e9 sur un serveur s\u00e9curis\u00e9.<\/p>\n\n\n\n<p>Fietsverhuur Knokke ne partage pas vos informations personnelles avec des tiers, \u00e0 l&rsquo;exception des personnes directement impliqu\u00e9es dans le traitement de votre r\u00e9servation. Nos employ\u00e9s et nos prestataires de services externes sont tenus de traiter vos informations de mani\u00e8re confidentielle.<\/p>\n\n\n\n<p>Vous avez des questions concernant la politique de confidentialit\u00e9 de Fietsverhuur Knokke&nbsp;? N&rsquo;h\u00e9sitez pas \u00e0 nous contacter. Notre service client est \u00e0 votre disposition pour toute question concernant vos informations ou toute modification. Toute modification de notre politique de confidentialit\u00e9 sera syst\u00e9matiquement mise \u00e0 jour sur cette page, afin que vous disposiez toujours des informations les plus r\u00e9centes.<\/p>\n\n\n<style type='text\/css'>\n        #tz-spacer-69f25e0c70110 {\n            background-image: url('https:\/\/fietsverhuurknokke.be\/wp-content\/themes\/tz-template\/img\/scheidingslijn.png');\n        }\n    <\/style><div id='tz-spacer-69f25e0c70110' class='tz-spacer'><\/div>","protected":false},"excerpt":{"rendered":"<p>R\u00e8glement g\u00e9n\u00e9ral sur la protection des donn\u00e9es (RGPD) Location de v\u00e9los Knokke attache une grande importance \u00e0 la confidentialit\u00e9 de tous les visiteurs de son site Web www.fietsverhuurknokke.be. Nous veillons \u00e0 ce que les informations personnelles que vous nous communiquez soient trait\u00e9es avec soin et confidentialit\u00e9. Vos informations seront utilis\u00e9es uniquement pour traiter vos r\u00e9servations [&hellip;]<\/p>\n","protected":false},"author":1,"featured_media":8442,"parent":0,"menu_order":0,"comment_status":"closed","ping_status":"closed","template":"","meta":{"_acf_changed":false,"footnotes":""},"class_list":["post-8463","page","type-page","status-publish","has-post-thumbnail","hentry"],"acf":[],"yoast_head":"<!-- This site is optimized with the Yoast SEO plugin v25.8 - https:\/\/yoast.com\/wordpress\/plugins\/seo\/ -->\n<title>R\u00e8glement g\u00e9n\u00e9ral sur la protection des donn\u00e9es | Location de v\u00e9los \u00e0 Knokke<\/title>\n<meta name=\"description\" content=\"Louez un v\u00e9lo \u00e0 Knokke-Heist chez Location de v\u00e9los Knokke. \u2b50 Large choix de v\u00e9los de location \u2b50 Service de livraison \u2b50 Garantie d&#039;\u00e9change \u2b50 R\u00e9servation en ligne\" \/>\n<meta name=\"robots\" content=\"index, follow, max-snippet:-1, max-image-preview:large, max-video-preview:-1\" \/>\n<link rel=\"canonical\" href=\"https:\/\/fietsverhuurknokke.be\/fr\/reglement-general-sur-la-protection-des-donnees\/\" \/>\n<meta property=\"og:locale\" content=\"fr_FR\" \/>\n<meta property=\"og:type\" content=\"article\" \/>\n<meta property=\"og:title\" content=\"R\u00e8glement g\u00e9n\u00e9ral sur la protection des donn\u00e9es | Location de v\u00e9los \u00e0 Knokke\" \/>\n<meta property=\"og:description\" content=\"Louez un v\u00e9lo \u00e0 Knokke-Heist chez Location de v\u00e9los Knokke. \u2b50 Large choix de v\u00e9los de location \u2b50 Service de livraison \u2b50 Garantie d&#039;\u00e9change \u2b50 R\u00e9servation en ligne\" \/>\n<meta property=\"og:url\" content=\"https:\/\/fietsverhuurknokke.be\/fr\/reglement-general-sur-la-protection-des-donnees\/\" \/>\n<meta property=\"og:site_name\" content=\"Location de v\u00e9los Knokke-Heist\" \/>\n<meta property=\"article:publisher\" content=\"https:\/\/www.facebook.com\/FietsverhuurZeeland\/\" \/>\n<meta property=\"article:modified_time\" content=\"2025-08-12T14:56:37+00:00\" \/>\n<meta property=\"og:image\" content=\"https:\/\/fietsverhuurknokke.be\/wp-content\/uploads\/2025\/05\/Footer.avif\" \/>\n\t<meta property=\"og:image:width\" content=\"2000\" \/>\n\t<meta property=\"og:image:height\" content=\"1332\" \/>\n\t<meta property=\"og:image:type\" content=\"image\/jpeg\" \/>\n<meta name=\"twitter:card\" content=\"summary_large_image\" \/>\n<meta name=\"twitter:label1\" content=\"Dur\u00e9e de lecture estim\u00e9e\" \/>\n\t<meta name=\"twitter:data1\" content=\"2 minutes\" \/>\n<script type=\"application\/ld+json\" class=\"yoast-schema-graph\">{\"@context\":\"https:\/\/schema.org\",\"@graph\":[{\"@type\":\"WebPage\",\"@id\":\"https:\/\/fietsverhuurknokke.be\/fr\/reglement-general-sur-la-protection-des-donnees\/\",\"url\":\"https:\/\/fietsverhuurknokke.be\/fr\/reglement-general-sur-la-protection-des-donnees\/\",\"name\":\"R\u00e8glement g\u00e9n\u00e9ral sur la protection des donn\u00e9es | Location de v\u00e9los \u00e0 Knokke\",\"isPartOf\":{\"@id\":\"https:\/\/fietsverhuurknokke.be\/#website\"},\"primaryImageOfPage\":{\"@id\":\"https:\/\/fietsverhuurknokke.be\/fr\/reglement-general-sur-la-protection-des-donnees\/#primaryimage\"},\"image\":{\"@id\":\"https:\/\/fietsverhuurknokke.be\/fr\/reglement-general-sur-la-protection-des-donnees\/#primaryimage\"},\"thumbnailUrl\":\"https:\/\/fietsverhuurknokke.be\/wp-content\/uploads\/2025\/05\/Footer.avif\",\"datePublished\":\"2024-03-07T12:20:49+00:00\",\"dateModified\":\"2025-08-12T14:56:37+00:00\",\"description\":\"Louez un v\u00e9lo \u00e0 Knokke-Heist chez Location de v\u00e9los Knokke. \u2b50 Large choix de v\u00e9los de location \u2b50 Service de livraison \u2b50 Garantie d'\u00e9change \u2b50 R\u00e9servation en ligne\",\"breadcrumb\":{\"@id\":\"https:\/\/fietsverhuurknokke.be\/fr\/reglement-general-sur-la-protection-des-donnees\/#breadcrumb\"},\"inLanguage\":\"fr-FR\",\"potentialAction\":[{\"@type\":\"ReadAction\",\"target\":[\"https:\/\/fietsverhuurknokke.be\/fr\/reglement-general-sur-la-protection-des-donnees\/\"]}]},{\"@type\":\"ImageObject\",\"inLanguage\":\"fr-FR\",\"@id\":\"https:\/\/fietsverhuurknokke.be\/fr\/reglement-general-sur-la-protection-des-donnees\/#primaryimage\",\"url\":\"https:\/\/fietsverhuurknokke.be\/wp-content\/uploads\/2025\/05\/Footer.avif\",\"contentUrl\":\"https:\/\/fietsverhuurknokke.be\/wp-content\/uploads\/2025\/05\/Footer.avif\",\"width\":2000,\"height\":1332},{\"@type\":\"BreadcrumbList\",\"@id\":\"https:\/\/fietsverhuurknokke.be\/fr\/reglement-general-sur-la-protection-des-donnees\/#breadcrumb\",\"itemListElement\":[{\"@type\":\"ListItem\",\"position\":1,\"name\":\"Home\",\"item\":\"https:\/\/fietsverhuurknokke.be\/fr\/\"},{\"@type\":\"ListItem\",\"position\":2,\"name\":\"R\u00e8glement g\u00e9n\u00e9ral sur la protection des donn\u00e9es\"}]},{\"@type\":\"WebSite\",\"@id\":\"https:\/\/fietsverhuurknokke.be\/#website\",\"url\":\"https:\/\/fietsverhuurknokke.be\/\",\"name\":\"Fietsverhuur Zeeland\",\"description\":\"Location de v\u00e9los Knokke-Heist\",\"publisher\":{\"@id\":\"https:\/\/fietsverhuurknokke.be\/#organization\"},\"potentialAction\":[{\"@type\":\"SearchAction\",\"target\":{\"@type\":\"EntryPoint\",\"urlTemplate\":\"https:\/\/fietsverhuurknokke.be\/?s={search_term_string}\"},\"query-input\":{\"@type\":\"PropertyValueSpecification\",\"valueRequired\":true,\"valueName\":\"search_term_string\"}}],\"inLanguage\":\"fr-FR\"},{\"@type\":\"Organization\",\"@id\":\"https:\/\/fietsverhuurknokke.be\/#organization\",\"name\":\"Fietsverhuur Zeeland\",\"url\":\"https:\/\/fietsverhuurknokke.be\/\",\"logo\":{\"@type\":\"ImageObject\",\"inLanguage\":\"fr-FR\",\"@id\":\"https:\/\/fietsverhuurknokke.be\/#\/schema\/logo\/image\/\",\"url\":\"https:\/\/fietsverhuurknokke.be\/wp-content\/uploads\/2024\/02\/fietsverhuur_logo_retina.png\",\"contentUrl\":\"https:\/\/fietsverhuurknokke.be\/wp-content\/uploads\/2024\/02\/fietsverhuur_logo_retina.png\",\"width\":301,\"height\":181,\"caption\":\"Fietsverhuur Zeeland\"},\"image\":{\"@id\":\"https:\/\/fietsverhuurknokke.be\/#\/schema\/logo\/image\/\"},\"sameAs\":[\"https:\/\/www.facebook.com\/FietsverhuurZeeland\/\"]}]}<\/script>\n<!-- \/ Yoast SEO plugin. -->","yoast_head_json":{"title":"R\u00e8glement g\u00e9n\u00e9ral sur la protection des donn\u00e9es | Location de v\u00e9los \u00e0 Knokke","description":"Louez un v\u00e9lo \u00e0 Knokke-Heist chez Location de v\u00e9los Knokke. \u2b50 Large choix de v\u00e9los de location \u2b50 Service de livraison \u2b50 Garantie d'\u00e9change \u2b50 R\u00e9servation en ligne","robots":{"index":"index","follow":"follow","max-snippet":"max-snippet:-1","max-image-preview":"max-image-preview:large","max-video-preview":"max-video-preview:-1"},"canonical":"https:\/\/fietsverhuurknokke.be\/fr\/reglement-general-sur-la-protection-des-donnees\/","og_locale":"fr_FR","og_type":"article","og_title":"R\u00e8glement g\u00e9n\u00e9ral sur la protection des donn\u00e9es | Location de v\u00e9los \u00e0 Knokke","og_description":"Louez un v\u00e9lo \u00e0 Knokke-Heist chez Location de v\u00e9los Knokke. \u2b50 Large choix de v\u00e9los de location \u2b50 Service de livraison \u2b50 Garantie d'\u00e9change \u2b50 R\u00e9servation en ligne","og_url":"https:\/\/fietsverhuurknokke.be\/fr\/reglement-general-sur-la-protection-des-donnees\/","og_site_name":"Location de v\u00e9los Knokke-Heist","article_publisher":"https:\/\/www.facebook.com\/FietsverhuurZeeland\/","article_modified_time":"2025-08-12T14:56:37+00:00","og_image":[{"width":2000,"height":1332,"url":"https:\/\/fietsverhuurknokke.be\/wp-content\/uploads\/2025\/05\/Footer.avif","type":"image\/jpeg"}],"twitter_card":"summary_large_image","twitter_misc":{"Dur\u00e9e de lecture estim\u00e9e":"2 minutes"},"schema":{"@context":"https:\/\/schema.org","@graph":[{"@type":"WebPage","@id":"https:\/\/fietsverhuurknokke.be\/fr\/reglement-general-sur-la-protection-des-donnees\/","url":"https:\/\/fietsverhuurknokke.be\/fr\/reglement-general-sur-la-protection-des-donnees\/","name":"R\u00e8glement g\u00e9n\u00e9ral sur la protection des donn\u00e9es | Location de v\u00e9los \u00e0 Knokke","isPartOf":{"@id":"https:\/\/fietsverhuurknokke.be\/#website"},"primaryImageOfPage":{"@id":"https:\/\/fietsverhuurknokke.be\/fr\/reglement-general-sur-la-protection-des-donnees\/#primaryimage"},"image":{"@id":"https:\/\/fietsverhuurknokke.be\/fr\/reglement-general-sur-la-protection-des-donnees\/#primaryimage"},"thumbnailUrl":"https:\/\/fietsverhuurknokke.be\/wp-content\/uploads\/2025\/05\/Footer.avif","datePublished":"2024-03-07T12:20:49+00:00","dateModified":"2025-08-12T14:56:37+00:00","description":"Louez un v\u00e9lo \u00e0 Knokke-Heist chez Location de v\u00e9los Knokke. \u2b50 Large choix de v\u00e9los de location \u2b50 Service de livraison \u2b50 Garantie d'\u00e9change \u2b50 R\u00e9servation en ligne","breadcrumb":{"@id":"https:\/\/fietsverhuurknokke.be\/fr\/reglement-general-sur-la-protection-des-donnees\/#breadcrumb"},"inLanguage":"fr-FR","potentialAction":[{"@type":"ReadAction","target":["https:\/\/fietsverhuurknokke.be\/fr\/reglement-general-sur-la-protection-des-donnees\/"]}]},{"@type":"ImageObject","inLanguage":"fr-FR","@id":"https:\/\/fietsverhuurknokke.be\/fr\/reglement-general-sur-la-protection-des-donnees\/#primaryimage","url":"https:\/\/fietsverhuurknokke.be\/wp-content\/uploads\/2025\/05\/Footer.avif","contentUrl":"https:\/\/fietsverhuurknokke.be\/wp-content\/uploads\/2025\/05\/Footer.avif","width":2000,"height":1332},{"@type":"BreadcrumbList","@id":"https:\/\/fietsverhuurknokke.be\/fr\/reglement-general-sur-la-protection-des-donnees\/#breadcrumb","itemListElement":[{"@type":"ListItem","position":1,"name":"Home","item":"https:\/\/fietsverhuurknokke.be\/fr\/"},{"@type":"ListItem","position":2,"name":"R\u00e8glement g\u00e9n\u00e9ral sur la protection des donn\u00e9es"}]},{"@type":"WebSite","@id":"https:\/\/fietsverhuurknokke.be\/#website","url":"https:\/\/fietsverhuurknokke.be\/","name":"Fietsverhuur Zeeland","description":"Location de v\u00e9los Knokke-Heist","publisher":{"@id":"https:\/\/fietsverhuurknokke.be\/#organization"},"potentialAction":[{"@type":"SearchAction","target":{"@type":"EntryPoint","urlTemplate":"https:\/\/fietsverhuurknokke.be\/?s={search_term_string}"},"query-input":{"@type":"PropertyValueSpecification","valueRequired":true,"valueName":"search_term_string"}}],"inLanguage":"fr-FR"},{"@type":"Organization","@id":"https:\/\/fietsverhuurknokke.be\/#organization","name":"Fietsverhuur Zeeland","url":"https:\/\/fietsverhuurknokke.be\/","logo":{"@type":"ImageObject","inLanguage":"fr-FR","@id":"https:\/\/fietsverhuurknokke.be\/#\/schema\/logo\/image\/","url":"https:\/\/fietsverhuurknokke.be\/wp-content\/uploads\/2024\/02\/fietsverhuur_logo_retina.png","contentUrl":"https:\/\/fietsverhuurknokke.be\/wp-content\/uploads\/2024\/02\/fietsverhuur_logo_retina.png","width":301,"height":181,"caption":"Fietsverhuur Zeeland"},"image":{"@id":"https:\/\/fietsverhuurknokke.be\/#\/schema\/logo\/image\/"},"sameAs":["https:\/\/www.facebook.com\/FietsverhuurZeeland\/"]}]}},"_links":{"self":[{"href":"https:\/\/fietsverhuurknokke.be\/fr\/wp-json\/wp\/v2\/pages\/8463","targetHints":{"allow":["GET"]}}],"collection":[{"href":"https:\/\/fietsverhuurknokke.be\/fr\/wp-json\/wp\/v2\/pages"}],"about":[{"href":"https:\/\/fietsverhuurknokke.be\/fr\/wp-json\/wp\/v2\/types\/page"}],"author":[{"embeddable":true,"href":"https:\/\/fietsverhuurknokke.be\/fr\/wp-json\/wp\/v2\/users\/1"}],"replies":[{"embeddable":true,"href":"https:\/\/fietsverhuurknokke.be\/fr\/wp-json\/wp\/v2\/comments?post=8463"}],"version-history":[{"count":2,"href":"https:\/\/fietsverhuurknokke.be\/fr\/wp-json\/wp\/v2\/pages\/8463\/revisions"}],"predecessor-version":[{"id":8502,"href":"https:\/\/fietsverhuurknokke.be\/fr\/wp-json\/wp\/v2\/pages\/8463\/revisions\/8502"}],"wp:featuredmedia":[{"embeddable":true,"href":"https:\/\/fietsverhuurknokke.be\/fr\/wp-json\/wp\/v2\/media\/8442"}],"wp:attachment":[{"href":"https:\/\/fietsverhuurknokke.be\/fr\/wp-json\/wp\/v2\/media?parent=8463"}],"curies":[{"name":"wp","href":"https:\/\/api.w.org\/{rel}","templated":true}]}}