{"id":8466,"date":"2024-02-27T12:30:07","date_gmt":"2024-02-27T12:30:07","guid":{"rendered":"https:\/\/fietsverhuurknokke.be\/?page_id=8466"},"modified":"2025-08-12T14:56:18","modified_gmt":"2025-08-12T14:56:18","slug":"formulaire-de-confirmation","status":"publish","type":"page","link":"https:\/\/fietsverhuurknokke.be\/fr\/formulaire-de-confirmation\/","title":{"rendered":"Formulaire de confirmation"},"content":{"rendered":"\n<h2 class=\"wp-block-heading\">Votre demande a \u00e9t\u00e9 envoy\u00e9e<\/h2>\n\n\n\n<p>Nous avons bien re\u00e7u votre courriel\/demande et vous contacterons dans les plus brefs d\u00e9lais. Une copie de ce courriel\/demande a \u00e9galement \u00e9t\u00e9 envoy\u00e9e \u00e0 l&rsquo;adresse courriel que vous avez fournie.<\/p>\n\n\n<style type='text\/css'>\n        #tz-spacer-69f25dbad3085 {\n            background-image: url('https:\/\/fietsverhuurknokke.be\/wp-content\/themes\/tz-template\/img\/scheidingslijn.png');\n        }\n    <\/style><div id='tz-spacer-69f25dbad3085' class='tz-spacer'><\/div>","protected":false},"excerpt":{"rendered":"<p>Votre demande a \u00e9t\u00e9 envoy\u00e9e Nous avons bien re\u00e7u votre courriel\/demande et vous contacterons dans les plus brefs d\u00e9lais. Une copie de ce courriel\/demande a \u00e9galement \u00e9t\u00e9 envoy\u00e9e \u00e0 l&rsquo;adresse courriel que vous avez fournie.<\/p>\n","protected":false},"author":1,"featured_media":8440,"parent":0,"menu_order":0,"comment_status":"closed","ping_status":"closed","template":"","meta":{"_acf_changed":false,"footnotes":""},"class_list":["post-8466","page","type-page","status-publish","has-post-thumbnail","hentry"],"acf":[],"yoast_head":"<!-- This site is optimized with the Yoast SEO plugin v25.8 - https:\/\/yoast.com\/wordpress\/plugins\/seo\/ -->\n<title>Formulaire de confirmation | Location de v\u00e9los \u00e0 Knokke<\/title>\n<meta name=\"description\" content=\"Louez un v\u00e9lo \u00e0 Knokke-Heist chez Location de v\u00e9los Knokke. \u2b50 Large choix de v\u00e9los de location \u2b50 Service de livraison \u2b50 Garantie d&#039;\u00e9change \u2b50 R\u00e9servation en ligne\" \/>\n<meta name=\"robots\" content=\"index, follow, max-snippet:-1, max-image-preview:large, max-video-preview:-1\" \/>\n<link rel=\"canonical\" href=\"https:\/\/fietsverhuurknokke.be\/fr\/formulaire-de-confirmation\/\" \/>\n<meta property=\"og:locale\" content=\"fr_FR\" \/>\n<meta property=\"og:type\" content=\"article\" \/>\n<meta property=\"og:title\" content=\"Formulaire de confirmation | Location de v\u00e9los \u00e0 Knokke\" \/>\n<meta property=\"og:description\" content=\"Louez un v\u00e9lo \u00e0 Knokke-Heist chez Location de v\u00e9los Knokke. \u2b50 Large choix de v\u00e9los de location \u2b50 Service de livraison \u2b50 Garantie d&#039;\u00e9change \u2b50 R\u00e9servation en ligne\" \/>\n<meta property=\"og:url\" content=\"https:\/\/fietsverhuurknokke.be\/fr\/formulaire-de-confirmation\/\" \/>\n<meta property=\"og:site_name\" content=\"Location de v\u00e9los Knokke-Heist\" \/>\n<meta property=\"article:publisher\" content=\"https:\/\/www.facebook.com\/FietsverhuurZeeland\/\" \/>\n<meta property=\"article:modified_time\" content=\"2025-08-12T14:56:18+00:00\" \/>\n<meta property=\"og:image\" content=\"https:\/\/fietsverhuurknokke.be\/wp-content\/uploads\/2025\/05\/DSC07201.avif\" \/>\n\t<meta property=\"og:image:width\" content=\"2000\" \/>\n\t<meta property=\"og:image:height\" content=\"1313\" \/>\n\t<meta property=\"og:image:type\" content=\"image\/jpeg\" \/>\n<meta name=\"twitter:card\" content=\"summary_large_image\" \/>\n<meta name=\"twitter:label1\" content=\"Dur\u00e9e de lecture estim\u00e9e\" \/>\n\t<meta name=\"twitter:data1\" content=\"1 minute\" \/>\n<script type=\"application\/ld+json\" class=\"yoast-schema-graph\">{\"@context\":\"https:\/\/schema.org\",\"@graph\":[{\"@type\":\"WebPage\",\"@id\":\"https:\/\/fietsverhuurknokke.be\/fr\/formulaire-de-confirmation\/\",\"url\":\"https:\/\/fietsverhuurknokke.be\/fr\/formulaire-de-confirmation\/\",\"name\":\"Formulaire de confirmation | Location de v\u00e9los \u00e0 Knokke\",\"isPartOf\":{\"@id\":\"https:\/\/fietsverhuurknokke.be\/#website\"},\"primaryImageOfPage\":{\"@id\":\"https:\/\/fietsverhuurknokke.be\/fr\/formulaire-de-confirmation\/#primaryimage\"},\"image\":{\"@id\":\"https:\/\/fietsverhuurknokke.be\/fr\/formulaire-de-confirmation\/#primaryimage\"},\"thumbnailUrl\":\"https:\/\/fietsverhuurknokke.be\/wp-content\/uploads\/2025\/05\/DSC07201.avif\",\"datePublished\":\"2024-02-27T12:30:07+00:00\",\"dateModified\":\"2025-08-12T14:56:18+00:00\",\"description\":\"Louez un v\u00e9lo \u00e0 Knokke-Heist chez Location de v\u00e9los Knokke. \u2b50 Large choix de v\u00e9los de location \u2b50 Service de livraison \u2b50 Garantie d'\u00e9change \u2b50 R\u00e9servation en ligne\",\"breadcrumb\":{\"@id\":\"https:\/\/fietsverhuurknokke.be\/fr\/formulaire-de-confirmation\/#breadcrumb\"},\"inLanguage\":\"fr-FR\",\"potentialAction\":[{\"@type\":\"ReadAction\",\"target\":[\"https:\/\/fietsverhuurknokke.be\/fr\/formulaire-de-confirmation\/\"]}]},{\"@type\":\"ImageObject\",\"inLanguage\":\"fr-FR\",\"@id\":\"https:\/\/fietsverhuurknokke.be\/fr\/formulaire-de-confirmation\/#primaryimage\",\"url\":\"https:\/\/fietsverhuurknokke.be\/wp-content\/uploads\/2025\/05\/DSC07201.avif\",\"contentUrl\":\"https:\/\/fietsverhuurknokke.be\/wp-content\/uploads\/2025\/05\/DSC07201.avif\",\"width\":2000,\"height\":1313},{\"@type\":\"BreadcrumbList\",\"@id\":\"https:\/\/fietsverhuurknokke.be\/fr\/formulaire-de-confirmation\/#breadcrumb\",\"itemListElement\":[{\"@type\":\"ListItem\",\"position\":1,\"name\":\"Home\",\"item\":\"https:\/\/fietsverhuurknokke.be\/fr\/\"},{\"@type\":\"ListItem\",\"position\":2,\"name\":\"Formulaire de confirmation\"}]},{\"@type\":\"WebSite\",\"@id\":\"https:\/\/fietsverhuurknokke.be\/#website\",\"url\":\"https:\/\/fietsverhuurknokke.be\/\",\"name\":\"Fietsverhuur Zeeland\",\"description\":\"Location de v\u00e9los Knokke-Heist\",\"publisher\":{\"@id\":\"https:\/\/fietsverhuurknokke.be\/#organization\"},\"potentialAction\":[{\"@type\":\"SearchAction\",\"target\":{\"@type\":\"EntryPoint\",\"urlTemplate\":\"https:\/\/fietsverhuurknokke.be\/?s={search_term_string}\"},\"query-input\":{\"@type\":\"PropertyValueSpecification\",\"valueRequired\":true,\"valueName\":\"search_term_string\"}}],\"inLanguage\":\"fr-FR\"},{\"@type\":\"Organization\",\"@id\":\"https:\/\/fietsverhuurknokke.be\/#organization\",\"name\":\"Fietsverhuur Zeeland\",\"url\":\"https:\/\/fietsverhuurknokke.be\/\",\"logo\":{\"@type\":\"ImageObject\",\"inLanguage\":\"fr-FR\",\"@id\":\"https:\/\/fietsverhuurknokke.be\/#\/schema\/logo\/image\/\",\"url\":\"https:\/\/fietsverhuurknokke.be\/wp-content\/uploads\/2024\/02\/fietsverhuur_logo_retina.png\",\"contentUrl\":\"https:\/\/fietsverhuurknokke.be\/wp-content\/uploads\/2024\/02\/fietsverhuur_logo_retina.png\",\"width\":301,\"height\":181,\"caption\":\"Fietsverhuur Zeeland\"},\"image\":{\"@id\":\"https:\/\/fietsverhuurknokke.be\/#\/schema\/logo\/image\/\"},\"sameAs\":[\"https:\/\/www.facebook.com\/FietsverhuurZeeland\/\"]}]}<\/script>\n<!-- \/ Yoast SEO plugin. -->","yoast_head_json":{"title":"Formulaire de confirmation | Location de v\u00e9los \u00e0 Knokke","description":"Louez un v\u00e9lo \u00e0 Knokke-Heist chez Location de v\u00e9los Knokke. \u2b50 Large choix de v\u00e9los de location \u2b50 Service de livraison \u2b50 Garantie d'\u00e9change \u2b50 R\u00e9servation en ligne","robots":{"index":"index","follow":"follow","max-snippet":"max-snippet:-1","max-image-preview":"max-image-preview:large","max-video-preview":"max-video-preview:-1"},"canonical":"https:\/\/fietsverhuurknokke.be\/fr\/formulaire-de-confirmation\/","og_locale":"fr_FR","og_type":"article","og_title":"Formulaire de confirmation | Location de v\u00e9los \u00e0 Knokke","og_description":"Louez un v\u00e9lo \u00e0 Knokke-Heist chez Location de v\u00e9los Knokke. \u2b50 Large choix de v\u00e9los de location \u2b50 Service de livraison \u2b50 Garantie d'\u00e9change \u2b50 R\u00e9servation en ligne","og_url":"https:\/\/fietsverhuurknokke.be\/fr\/formulaire-de-confirmation\/","og_site_name":"Location de v\u00e9los Knokke-Heist","article_publisher":"https:\/\/www.facebook.com\/FietsverhuurZeeland\/","article_modified_time":"2025-08-12T14:56:18+00:00","og_image":[{"width":2000,"height":1313,"url":"https:\/\/fietsverhuurknokke.be\/wp-content\/uploads\/2025\/05\/DSC07201.avif","type":"image\/jpeg"}],"twitter_card":"summary_large_image","twitter_misc":{"Dur\u00e9e de lecture estim\u00e9e":"1 minute"},"schema":{"@context":"https:\/\/schema.org","@graph":[{"@type":"WebPage","@id":"https:\/\/fietsverhuurknokke.be\/fr\/formulaire-de-confirmation\/","url":"https:\/\/fietsverhuurknokke.be\/fr\/formulaire-de-confirmation\/","name":"Formulaire de confirmation | Location de v\u00e9los \u00e0 Knokke","isPartOf":{"@id":"https:\/\/fietsverhuurknokke.be\/#website"},"primaryImageOfPage":{"@id":"https:\/\/fietsverhuurknokke.be\/fr\/formulaire-de-confirmation\/#primaryimage"},"image":{"@id":"https:\/\/fietsverhuurknokke.be\/fr\/formulaire-de-confirmation\/#primaryimage"},"thumbnailUrl":"https:\/\/fietsverhuurknokke.be\/wp-content\/uploads\/2025\/05\/DSC07201.avif","datePublished":"2024-02-27T12:30:07+00:00","dateModified":"2025-08-12T14:56:18+00:00","description":"Louez un v\u00e9lo \u00e0 Knokke-Heist chez Location de v\u00e9los Knokke. \u2b50 Large choix de v\u00e9los de location \u2b50 Service de livraison \u2b50 Garantie d'\u00e9change \u2b50 R\u00e9servation en ligne","breadcrumb":{"@id":"https:\/\/fietsverhuurknokke.be\/fr\/formulaire-de-confirmation\/#breadcrumb"},"inLanguage":"fr-FR","potentialAction":[{"@type":"ReadAction","target":["https:\/\/fietsverhuurknokke.be\/fr\/formulaire-de-confirmation\/"]}]},{"@type":"ImageObject","inLanguage":"fr-FR","@id":"https:\/\/fietsverhuurknokke.be\/fr\/formulaire-de-confirmation\/#primaryimage","url":"https:\/\/fietsverhuurknokke.be\/wp-content\/uploads\/2025\/05\/DSC07201.avif","contentUrl":"https:\/\/fietsverhuurknokke.be\/wp-content\/uploads\/2025\/05\/DSC07201.avif","width":2000,"height":1313},{"@type":"BreadcrumbList","@id":"https:\/\/fietsverhuurknokke.be\/fr\/formulaire-de-confirmation\/#breadcrumb","itemListElement":[{"@type":"ListItem","position":1,"name":"Home","item":"https:\/\/fietsverhuurknokke.be\/fr\/"},{"@type":"ListItem","position":2,"name":"Formulaire de confirmation"}]},{"@type":"WebSite","@id":"https:\/\/fietsverhuurknokke.be\/#website","url":"https:\/\/fietsverhuurknokke.be\/","name":"Fietsverhuur Zeeland","description":"Location de v\u00e9los Knokke-Heist","publisher":{"@id":"https:\/\/fietsverhuurknokke.be\/#organization"},"potentialAction":[{"@type":"SearchAction","target":{"@type":"EntryPoint","urlTemplate":"https:\/\/fietsverhuurknokke.be\/?s={search_term_string}"},"query-input":{"@type":"PropertyValueSpecification","valueRequired":true,"valueName":"search_term_string"}}],"inLanguage":"fr-FR"},{"@type":"Organization","@id":"https:\/\/fietsverhuurknokke.be\/#organization","name":"Fietsverhuur Zeeland","url":"https:\/\/fietsverhuurknokke.be\/","logo":{"@type":"ImageObject","inLanguage":"fr-FR","@id":"https:\/\/fietsverhuurknokke.be\/#\/schema\/logo\/image\/","url":"https:\/\/fietsverhuurknokke.be\/wp-content\/uploads\/2024\/02\/fietsverhuur_logo_retina.png","contentUrl":"https:\/\/fietsverhuurknokke.be\/wp-content\/uploads\/2024\/02\/fietsverhuur_logo_retina.png","width":301,"height":181,"caption":"Fietsverhuur Zeeland"},"image":{"@id":"https:\/\/fietsverhuurknokke.be\/#\/schema\/logo\/image\/"},"sameAs":["https:\/\/www.facebook.com\/FietsverhuurZeeland\/"]}]}},"_links":{"self":[{"href":"https:\/\/fietsverhuurknokke.be\/fr\/wp-json\/wp\/v2\/pages\/8466","targetHints":{"allow":["GET"]}}],"collection":[{"href":"https:\/\/fietsverhuurknokke.be\/fr\/wp-json\/wp\/v2\/pages"}],"about":[{"href":"https:\/\/fietsverhuurknokke.be\/fr\/wp-json\/wp\/v2\/types\/page"}],"author":[{"embeddable":true,"href":"https:\/\/fietsverhuurknokke.be\/fr\/wp-json\/wp\/v2\/users\/1"}],"replies":[{"embeddable":true,"href":"https:\/\/fietsverhuurknokke.be\/fr\/wp-json\/wp\/v2\/comments?post=8466"}],"version-history":[{"count":2,"href":"https:\/\/fietsverhuurknokke.be\/fr\/wp-json\/wp\/v2\/pages\/8466\/revisions"}],"predecessor-version":[{"id":8500,"href":"https:\/\/fietsverhuurknokke.be\/fr\/wp-json\/wp\/v2\/pages\/8466\/revisions\/8500"}],"wp:featuredmedia":[{"embeddable":true,"href":"https:\/\/fietsverhuurknokke.be\/fr\/wp-json\/wp\/v2\/media\/8440"}],"wp:attachment":[{"href":"https:\/\/fietsverhuurknokke.be\/fr\/wp-json\/wp\/v2\/media?parent=8466"}],"curies":[{"name":"wp","href":"https:\/\/api.w.org\/{rel}","templated":true}]}}