{"id":8467,"date":"2023-10-25T14:44:14","date_gmt":"2023-10-25T14:44:14","guid":{"rendered":"https:\/\/fietsverhuurknokke.be\/?page_id=8467"},"modified":"2025-08-11T11:33:41","modified_gmt":"2025-08-11T11:33:41","slug":"contact","status":"publish","type":"page","link":"https:\/\/fietsverhuurknokke.be\/fr\/contact\/","title":{"rendered":"Contact"},"content":{"rendered":"<style type=\"text\/css\">\n    .header-heights {\n        height: 65vh;\n    }\n    .header-heights.home {\n        height: 65vh;\n    }\n    @media (max-width: 767px) {\n        .header-heights {\n            height: 30vh;\n        }\n        .header-heights.home {\n            height: 50vh;\n        }\n    }\n<\/style><section class=\"header-img\"><div class=\"img-inner header-heights\" style=\"background-image: url(https:\/\/fietsverhuurknokke.be\/wp-content\/uploads\/2025\/05\/Header-1600x930.avif);\"><div class=\"header_txt\">\n                    <h3>Location de v\u00e9los \u00e0 Knokke-Heist<\/h3>\n                    <div class=\"txt\"><p>Profitez des magnifiques environs de Knokke-Heist<\/p>\n<\/div><\/div><\/div><\/section>\n\n\n<div class=\"wp-block-columns is-layout-flex wp-container-core-columns-is-layout-9d6595d7 wp-block-columns-is-layout-flex\">\n<div class=\"wp-block-column is-layout-flow wp-block-column-is-layout-flow\" style=\"flex-basis:33.33%\"><div class=\"tz-naw\"><h3>Location de v\u00e9los Knokke-Heist<\/h3>Zeedijk knokke 667<br>8300 Knokke-Heist<br> <a href=\"tel:0468 006 993\">0468 006 993<\/a><br> <a href=\"mailto:info@rentmybike.be\">info@rentmybike.be<\/a><\/div><\/div>\n\n\n\n<div class=\"wp-block-column is-layout-flow wp-block-column-is-layout-flow\" style=\"flex-basis:66.66%\"><div class=\"tz-googlemaps\"><iframe width=\"600\" height=\"450\" frameborder=\"0\" style=\"border:0\" src=\"https:\/\/www.google.com\/maps?q=Zeedijk+knokke+667%2C+8300+Knokke-Heist%2C+&#038;output=embed\" allowfullscreen loading=\"lazy\" referrerpolicy=\"no-referrer-when-downgrade\"><\/iframe><\/div><\/div>\n<\/div>\n\n\n<style type='text\/css'>\n        #tz-spacer-69f24e9b3eca3 {\n            \n        }\n    <\/style><div id='tz-spacer-69f24e9b3eca3' class='tz-spacer'><\/div>","protected":false},"excerpt":{"rendered":"","protected":false},"author":1,"featured_media":8436,"parent":0,"menu_order":0,"comment_status":"closed","ping_status":"closed","template":"","meta":{"_acf_changed":false,"footnotes":""},"class_list":["post-8467","page","type-page","status-publish","has-post-thumbnail","hentry"],"acf":[],"yoast_head":"<!-- This site is optimized with the Yoast SEO plugin v25.8 - https:\/\/yoast.com\/wordpress\/plugins\/seo\/ -->\n<title>Contact | Location de v\u00e9los Knokke<\/title>\n<meta name=\"description\" content=\"Louez un v\u00e9lo \u00e0 Knokke-Heist chez Location de v\u00e9los Knokke. \u2b50 Large choix de v\u00e9los de location \u2b50 Service de livraison \u2b50 Garantie d&#039;\u00e9change \u2b50 R\u00e9servation en ligne\" \/>\n<meta name=\"robots\" content=\"index, follow, max-snippet:-1, max-image-preview:large, max-video-preview:-1\" \/>\n<link rel=\"canonical\" href=\"https:\/\/fietsverhuurknokke.be\/fr\/contact\/\" \/>\n<meta property=\"og:locale\" content=\"fr_FR\" \/>\n<meta property=\"og:type\" content=\"article\" \/>\n<meta property=\"og:title\" content=\"Contact | Location de v\u00e9los Knokke\" \/>\n<meta property=\"og:description\" content=\"Louez un v\u00e9lo \u00e0 Knokke-Heist chez Location de v\u00e9los Knokke. \u2b50 Large choix de v\u00e9los de location \u2b50 Service de livraison \u2b50 Garantie d&#039;\u00e9change \u2b50 R\u00e9servation en ligne\" \/>\n<meta property=\"og:url\" content=\"https:\/\/fietsverhuurknokke.be\/fr\/contact\/\" \/>\n<meta property=\"og:site_name\" content=\"Location de v\u00e9los Knokke-Heist\" \/>\n<meta property=\"article:publisher\" content=\"https:\/\/www.facebook.com\/FietsverhuurZeeland\/\" \/>\n<meta property=\"article:modified_time\" content=\"2025-08-11T11:33:41+00:00\" \/>\n<meta property=\"og:image\" content=\"https:\/\/fietsverhuurknokke.be\/wp-content\/uploads\/2025\/05\/DSC07131.avif\" \/>\n\t<meta property=\"og:image:width\" content=\"2000\" \/>\n\t<meta property=\"og:image:height\" content=\"1333\" \/>\n\t<meta property=\"og:image:type\" content=\"image\/jpeg\" \/>\n<meta name=\"twitter:card\" content=\"summary_large_image\" \/>\n<script type=\"application\/ld+json\" class=\"yoast-schema-graph\">{\"@context\":\"https:\/\/schema.org\",\"@graph\":[{\"@type\":\"WebPage\",\"@id\":\"https:\/\/fietsverhuurknokke.be\/fr\/contact\/\",\"url\":\"https:\/\/fietsverhuurknokke.be\/fr\/contact\/\",\"name\":\"Contact | Location de v\u00e9los Knokke\",\"isPartOf\":{\"@id\":\"https:\/\/fietsverhuurknokke.be\/#website\"},\"primaryImageOfPage\":{\"@id\":\"https:\/\/fietsverhuurknokke.be\/fr\/contact\/#primaryimage\"},\"image\":{\"@id\":\"https:\/\/fietsverhuurknokke.be\/fr\/contact\/#primaryimage\"},\"thumbnailUrl\":\"https:\/\/fietsverhuurknokke.be\/wp-content\/uploads\/2025\/05\/DSC07131.avif\",\"datePublished\":\"2023-10-25T14:44:14+00:00\",\"dateModified\":\"2025-08-11T11:33:41+00:00\",\"description\":\"Louez un v\u00e9lo \u00e0 Knokke-Heist chez Location de v\u00e9los Knokke. \u2b50 Large choix de v\u00e9los de location \u2b50 Service de livraison \u2b50 Garantie d'\u00e9change \u2b50 R\u00e9servation en ligne\",\"breadcrumb\":{\"@id\":\"https:\/\/fietsverhuurknokke.be\/fr\/contact\/#breadcrumb\"},\"inLanguage\":\"fr-FR\",\"potentialAction\":[{\"@type\":\"ReadAction\",\"target\":[\"https:\/\/fietsverhuurknokke.be\/fr\/contact\/\"]}]},{\"@type\":\"ImageObject\",\"inLanguage\":\"fr-FR\",\"@id\":\"https:\/\/fietsverhuurknokke.be\/fr\/contact\/#primaryimage\",\"url\":\"https:\/\/fietsverhuurknokke.be\/wp-content\/uploads\/2025\/05\/DSC07131.avif\",\"contentUrl\":\"https:\/\/fietsverhuurknokke.be\/wp-content\/uploads\/2025\/05\/DSC07131.avif\",\"width\":2000,\"height\":1333},{\"@type\":\"BreadcrumbList\",\"@id\":\"https:\/\/fietsverhuurknokke.be\/fr\/contact\/#breadcrumb\",\"itemListElement\":[{\"@type\":\"ListItem\",\"position\":1,\"name\":\"Home\",\"item\":\"https:\/\/fietsverhuurknokke.be\/fr\/\"},{\"@type\":\"ListItem\",\"position\":2,\"name\":\"Contact\"}]},{\"@type\":\"WebSite\",\"@id\":\"https:\/\/fietsverhuurknokke.be\/#website\",\"url\":\"https:\/\/fietsverhuurknokke.be\/\",\"name\":\"Fietsverhuur Zeeland\",\"description\":\"Location de v\u00e9los Knokke-Heist\",\"publisher\":{\"@id\":\"https:\/\/fietsverhuurknokke.be\/#organization\"},\"potentialAction\":[{\"@type\":\"SearchAction\",\"target\":{\"@type\":\"EntryPoint\",\"urlTemplate\":\"https:\/\/fietsverhuurknokke.be\/?s={search_term_string}\"},\"query-input\":{\"@type\":\"PropertyValueSpecification\",\"valueRequired\":true,\"valueName\":\"search_term_string\"}}],\"inLanguage\":\"fr-FR\"},{\"@type\":\"Organization\",\"@id\":\"https:\/\/fietsverhuurknokke.be\/#organization\",\"name\":\"Fietsverhuur Zeeland\",\"url\":\"https:\/\/fietsverhuurknokke.be\/\",\"logo\":{\"@type\":\"ImageObject\",\"inLanguage\":\"fr-FR\",\"@id\":\"https:\/\/fietsverhuurknokke.be\/#\/schema\/logo\/image\/\",\"url\":\"https:\/\/fietsverhuurknokke.be\/wp-content\/uploads\/2024\/02\/fietsverhuur_logo_retina.png\",\"contentUrl\":\"https:\/\/fietsverhuurknokke.be\/wp-content\/uploads\/2024\/02\/fietsverhuur_logo_retina.png\",\"width\":301,\"height\":181,\"caption\":\"Fietsverhuur Zeeland\"},\"image\":{\"@id\":\"https:\/\/fietsverhuurknokke.be\/#\/schema\/logo\/image\/\"},\"sameAs\":[\"https:\/\/www.facebook.com\/FietsverhuurZeeland\/\"]}]}<\/script>\n<!-- \/ Yoast SEO plugin. -->","yoast_head_json":{"title":"Contact | Location de v\u00e9los Knokke","description":"Louez un v\u00e9lo \u00e0 Knokke-Heist chez Location de v\u00e9los Knokke. \u2b50 Large choix de v\u00e9los de location \u2b50 Service de livraison \u2b50 Garantie d'\u00e9change \u2b50 R\u00e9servation en ligne","robots":{"index":"index","follow":"follow","max-snippet":"max-snippet:-1","max-image-preview":"max-image-preview:large","max-video-preview":"max-video-preview:-1"},"canonical":"https:\/\/fietsverhuurknokke.be\/fr\/contact\/","og_locale":"fr_FR","og_type":"article","og_title":"Contact | Location de v\u00e9los Knokke","og_description":"Louez un v\u00e9lo \u00e0 Knokke-Heist chez Location de v\u00e9los Knokke. \u2b50 Large choix de v\u00e9los de location \u2b50 Service de livraison \u2b50 Garantie d'\u00e9change \u2b50 R\u00e9servation en ligne","og_url":"https:\/\/fietsverhuurknokke.be\/fr\/contact\/","og_site_name":"Location de v\u00e9los Knokke-Heist","article_publisher":"https:\/\/www.facebook.com\/FietsverhuurZeeland\/","article_modified_time":"2025-08-11T11:33:41+00:00","og_image":[{"width":2000,"height":1333,"url":"https:\/\/fietsverhuurknokke.be\/wp-content\/uploads\/2025\/05\/DSC07131.avif","type":"image\/jpeg"}],"twitter_card":"summary_large_image","schema":{"@context":"https:\/\/schema.org","@graph":[{"@type":"WebPage","@id":"https:\/\/fietsverhuurknokke.be\/fr\/contact\/","url":"https:\/\/fietsverhuurknokke.be\/fr\/contact\/","name":"Contact | Location de v\u00e9los Knokke","isPartOf":{"@id":"https:\/\/fietsverhuurknokke.be\/#website"},"primaryImageOfPage":{"@id":"https:\/\/fietsverhuurknokke.be\/fr\/contact\/#primaryimage"},"image":{"@id":"https:\/\/fietsverhuurknokke.be\/fr\/contact\/#primaryimage"},"thumbnailUrl":"https:\/\/fietsverhuurknokke.be\/wp-content\/uploads\/2025\/05\/DSC07131.avif","datePublished":"2023-10-25T14:44:14+00:00","dateModified":"2025-08-11T11:33:41+00:00","description":"Louez un v\u00e9lo \u00e0 Knokke-Heist chez Location de v\u00e9los Knokke. \u2b50 Large choix de v\u00e9los de location \u2b50 Service de livraison \u2b50 Garantie d'\u00e9change \u2b50 R\u00e9servation en ligne","breadcrumb":{"@id":"https:\/\/fietsverhuurknokke.be\/fr\/contact\/#breadcrumb"},"inLanguage":"fr-FR","potentialAction":[{"@type":"ReadAction","target":["https:\/\/fietsverhuurknokke.be\/fr\/contact\/"]}]},{"@type":"ImageObject","inLanguage":"fr-FR","@id":"https:\/\/fietsverhuurknokke.be\/fr\/contact\/#primaryimage","url":"https:\/\/fietsverhuurknokke.be\/wp-content\/uploads\/2025\/05\/DSC07131.avif","contentUrl":"https:\/\/fietsverhuurknokke.be\/wp-content\/uploads\/2025\/05\/DSC07131.avif","width":2000,"height":1333},{"@type":"BreadcrumbList","@id":"https:\/\/fietsverhuurknokke.be\/fr\/contact\/#breadcrumb","itemListElement":[{"@type":"ListItem","position":1,"name":"Home","item":"https:\/\/fietsverhuurknokke.be\/fr\/"},{"@type":"ListItem","position":2,"name":"Contact"}]},{"@type":"WebSite","@id":"https:\/\/fietsverhuurknokke.be\/#website","url":"https:\/\/fietsverhuurknokke.be\/","name":"Fietsverhuur Zeeland","description":"Location de v\u00e9los Knokke-Heist","publisher":{"@id":"https:\/\/fietsverhuurknokke.be\/#organization"},"potentialAction":[{"@type":"SearchAction","target":{"@type":"EntryPoint","urlTemplate":"https:\/\/fietsverhuurknokke.be\/?s={search_term_string}"},"query-input":{"@type":"PropertyValueSpecification","valueRequired":true,"valueName":"search_term_string"}}],"inLanguage":"fr-FR"},{"@type":"Organization","@id":"https:\/\/fietsverhuurknokke.be\/#organization","name":"Fietsverhuur Zeeland","url":"https:\/\/fietsverhuurknokke.be\/","logo":{"@type":"ImageObject","inLanguage":"fr-FR","@id":"https:\/\/fietsverhuurknokke.be\/#\/schema\/logo\/image\/","url":"https:\/\/fietsverhuurknokke.be\/wp-content\/uploads\/2024\/02\/fietsverhuur_logo_retina.png","contentUrl":"https:\/\/fietsverhuurknokke.be\/wp-content\/uploads\/2024\/02\/fietsverhuur_logo_retina.png","width":301,"height":181,"caption":"Fietsverhuur Zeeland"},"image":{"@id":"https:\/\/fietsverhuurknokke.be\/#\/schema\/logo\/image\/"},"sameAs":["https:\/\/www.facebook.com\/FietsverhuurZeeland\/"]}]}},"_links":{"self":[{"href":"https:\/\/fietsverhuurknokke.be\/fr\/wp-json\/wp\/v2\/pages\/8467","targetHints":{"allow":["GET"]}}],"collection":[{"href":"https:\/\/fietsverhuurknokke.be\/fr\/wp-json\/wp\/v2\/pages"}],"about":[{"href":"https:\/\/fietsverhuurknokke.be\/fr\/wp-json\/wp\/v2\/types\/page"}],"author":[{"embeddable":true,"href":"https:\/\/fietsverhuurknokke.be\/fr\/wp-json\/wp\/v2\/users\/1"}],"replies":[{"embeddable":true,"href":"https:\/\/fietsverhuurknokke.be\/fr\/wp-json\/wp\/v2\/comments?post=8467"}],"version-history":[{"count":1,"href":"https:\/\/fietsverhuurknokke.be\/fr\/wp-json\/wp\/v2\/pages\/8467\/revisions"}],"predecessor-version":[{"id":8472,"href":"https:\/\/fietsverhuurknokke.be\/fr\/wp-json\/wp\/v2\/pages\/8467\/revisions\/8472"}],"wp:featuredmedia":[{"embeddable":true,"href":"https:\/\/fietsverhuurknokke.be\/fr\/wp-json\/wp\/v2\/media\/8436"}],"wp:attachment":[{"href":"https:\/\/fietsverhuurknokke.be\/fr\/wp-json\/wp\/v2\/media?parent=8467"}],"curies":[{"name":"wp","href":"https:\/\/api.w.org\/{rel}","templated":true}]}}