{"id":8468,"date":"2025-08-05T08:06:47","date_gmt":"2025-08-05T08:06:47","guid":{"rendered":"https:\/\/fietsverhuurknokke.be\/?page_id=8468"},"modified":"2025-08-12T14:56:42","modified_gmt":"2025-08-12T14:56:42","slug":"reserver-un-velo","status":"publish","type":"page","link":"https:\/\/fietsverhuurknokke.be\/fr\/reserver-un-velo\/","title":{"rendered":"R\u00e9server un v\u00e9lo"},"content":{"rendered":"\n<h1 class=\"wp-block-heading\">R\u00e9servez votre v\u00e9lo en ligne<\/h1>\n\n\n\n<p>Envie de prendre la route l&rsquo;esprit tranquille\u00a0? Remplissez simplement le formulaire pour r\u00e9server un v\u00e9lo. Nous nous assurerons ainsi que les v\u00e9los sont pr\u00eats pour vous.<\/p>\n\n\n\n<script type=\"text\/javascript\">\n    \/\/ Define variables with PHP values\n    var emailPartner = '';\n    var postTitle = 'R\u00e9server un v\u00e9lo'; \/\/ Use esc_js for safe JavaScript output\n\n    \/\/ Function to decode HTML entities\n    function decodeHtmlEntities(text) {\n        var textArea = document.createElement('textarea');\n        textArea.innerHTML = text;\n        return textArea.value;\n    }\n\n    \/\/ Log to the console for debugging\n    console.log(\"Email Partner Variable Set: \", decodeHtmlEntities(emailPartner));\n    console.log(\"Post Title Variable Set: \", decodeHtmlEntities(postTitle)); \/\/ Decode HTML entities for debugging\n\n    document.addEventListener(\"DOMContentLoaded\", function(){\n        \/\/ Find the container by its data-name attribute for email\n        var partnerMailContainer = document.querySelector('[data-name=\"form_partnermail\"]');\n\n        \/\/ Find the container by its data-name attribute for title\n        var postTitleContainer = document.querySelector('[data-name=\"form_posttitle\"]'); \/\/ Adjust the data-name to your title field's data-name\n\n        \/\/ Set the email field value, decoding HTML entities\n        if(partnerMailContainer) {\n            var emailPartnerField = partnerMailContainer.querySelector('input');\n            if(emailPartnerField) {\n                emailPartnerField.value = decodeHtmlEntities('');\n            }\n        }\n\n        \/\/ Set the title field value, decoding HTML entities\n        if(postTitleContainer) {\n            var postTitleField = postTitleContainer.querySelector('input');\n            if(postTitleField) {\n                postTitleField.value = decodeHtmlEntities('R\u00e9server un v\u00e9lo'); \/\/ Decode HTML entities when setting the value\n            }\n        }\n    });\n<\/script>\n\n\n<form class=\"af-form acf-form\" method=\"POST\" action=\"https:\/\/fietsverhuurknokke.be\/fr\/wp-json\/wp\/v2\/pages\/8468\" id=\"form_65dd9bfcc7af3\" data-key=\"form_65dd9bfcc7af3\"><div class=\"af-fields acf-fields acf-form-fields -top\">\t<div id=\"acf-form-data\" class=\"acf-hidden\">\n\t\t<input type=\"hidden\" id=\"_acf_screen\" name=\"_acf_screen\" value=\"acf_form\"\/><input type=\"hidden\" id=\"_acf_post_id\" name=\"_acf_post_id\" value=\"0\"\/><input type=\"hidden\" id=\"_acf_validation\" name=\"_acf_validation\" value=\"1\"\/><input type=\"hidden\" id=\"_acf_form\" name=\"_acf_form\" value=\"0\"\/><input type=\"hidden\" id=\"_acf_nonce\" name=\"_acf_nonce\" value=\"7e16a1cb3d\"\/><input type=\"hidden\" id=\"_acf_changed\" name=\"_acf_changed\" value=\"0\"\/>\t<\/div>\n\t<div class=\"acf-hidden\"><input type=\"hidden\" name=\"_acfnonce\" value=\"449bd42332\"><input type=\"hidden\" name=\"nonce\" value=\"449bd42332\"><input type=\"hidden\" name=\"af_form\" value=\"form_65dd9bfcc7af3\"><input type=\"hidden\" name=\"af_form_args\" value=\"eyJhamF4IjpmYWxzZSwiZGlzcGxheV90aXRsZSI6ZmFsc2UsImRpc3BsYXlfZGVzY3JpcHRpb24iOmZhbHNlLCJpZCI6ImZvcm1fNjVkZDliZmNjN2FmMyIsInZhbHVlcyI6W10sInN1Ym1pdF90ZXh0IjoiRW52b3llciIsInJlZGlyZWN0IjoiXC9iZXZlc3RpZ2luZy1mb3JtdWxpZXIiLCJ0YXJnZXQiOiJodHRwczpcL1wvZmlldHN2ZXJodXVya25va2tlLmJlXC9mclwvd3AtanNvblwvd3BcL3YyXC9wYWdlc1wvODQ2OCIsImVjaG8iOnRydWUsImV4Y2x1ZGVfZmllbGRzIjpbImZvcm1fZGF5cyIsImZvcm1fdmVyYmxpamYiLCJmb3JtX3ZlcmJsaWpmX2FkcmVzIiwiZm9ybV92ZXJibGlqZl93b29uIiwiZm9ybV9kYXRlX2Jlem9yZyIsImZvcm1fZ3JfYWFudnJhYWdfbG9jYXRpZSIsImZvcm1fZ3JfYWFudnJhYWdfYWRyZXMiLCJmb3JtX2dyX2FhbnZyYWFnX3N0YXJ0dGlqZCIsImZvcm1fZ3JfYWFudnJhYWdfZWluZHRpamQiLCJmb3JtX2RhdGUiLCJmb3JtX2dyX2FhbnZyYWFnX2RheXMiLCJmb3JtX2dyX2FhbnZyYWFnX3BlcnNvbiJdLCJ1cGxvYWRlciI6IndwIiwiZmlsdGVyX21vZGUiOmZhbHNlLCJsYWJlbF9wbGFjZW1lbnQiOiJ0b3AiLCJpbnN0cnVjdGlvbl9wbGFjZW1lbnQiOiJsYWJlbCIsImhvbmV5cG90Ijp0cnVlfQ==\"><input type=\"hidden\" name=\"_acf_form\" value=\"eyJhamF4IjpmYWxzZSwiZGlzcGxheV90aXRsZSI6ZmFsc2UsImRpc3BsYXlfZGVzY3JpcHRpb24iOmZhbHNlLCJpZCI6ImZvcm1fNjVkZDliZmNjN2FmMyIsInZhbHVlcyI6W10sInN1Ym1pdF90ZXh0IjoiRW52b3llciIsInJlZGlyZWN0IjoiXC9iZXZlc3RpZ2luZy1mb3JtdWxpZXIiLCJ0YXJnZXQiOiJodHRwczpcL1wvZmlldHN2ZXJodXVya25va2tlLmJlXC9mclwvd3AtanNvblwvd3BcL3YyXC9wYWdlc1wvODQ2OCIsImVjaG8iOnRydWUsImV4Y2x1ZGVfZmllbGRzIjpbImZvcm1fZGF5cyIsImZvcm1fdmVyYmxpamYiLCJmb3JtX3ZlcmJsaWpmX2FkcmVzIiwiZm9ybV92ZXJibGlqZl93b29uIiwiZm9ybV9kYXRlX2Jlem9yZyIsImZvcm1fZ3JfYWFudnJhYWdfbG9jYXRpZSIsImZvcm1fZ3JfYWFudnJhYWdfYWRyZXMiLCJmb3JtX2dyX2FhbnZyYWFnX3N0YXJ0dGlqZCIsImZvcm1fZ3JfYWFudnJhYWdfZWluZHRpamQiLCJmb3JtX2RhdGUiLCJmb3JtX2dyX2FhbnZyYWFnX2RheXMiLCJmb3JtX2dyX2FhbnZyYWFnX3BlcnNvbiJdLCJ1cGxvYWRlciI6IndwIiwiZmlsdGVyX21vZGUiOmZhbHNlLCJsYWJlbF9wbGFjZW1lbnQiOiJ0b3AiLCJpbnN0cnVjdGlvbl9wbGFjZW1lbnQiOiJsYWJlbCIsImhvbmV5cG90Ijp0cnVlfQ==\"><input type=\"hidden\" name=\"af_form_nonce\" value=\"c60e5e7024\"><label for=\"af_email_for_non_humans_form_65dd9bfcc7af3\" aria-hidden=\"true\">Email for non-humans<\/label><input type=\"text\" name=\"email_for_non_humans\" id=\"af_email_for_non_humans_form_65dd9bfcc7af3\" tabindex=\"-1\" autocomplete=\"off\" \/><input type=\"hidden\" name=\"af_origin_url\" value=\"https:\/\/fietsverhuurknokke.be\/fr\/wp-json\/wp\/v2\/pages\/8468\" \/><\/div><div class=\"hidden af-field af-field-type-text af-field-form-posttitle acf-field acf-field-text acf-field-65ddf424ad00a\" data-name=\"form_posttitle\" data-key=\"field_65ddf424ad00a\" data-type=\"text\"><div class=\"af-label acf-label\"><label for=\"acf-field_65ddf424ad00a\">Page Typa:<\/label><\/div><div class=\"af-input acf-input\"><div class=\"acf-input-wrap\"><input type=\"text\" id=\"acf-field_65ddf424ad00a\" name=\"acf[field_65ddf424ad00a]\"\/><\/div><\/div><\/div><div class=\"af-field af-field-type-text af-field-form-name acf-field acf-field-text acf-field-65dd9d6ce4a1e af-field-required\" data-name=\"form_name\" data-key=\"field_65dd9d6ce4a1e\" data-type=\"text\"><div class=\"af-label acf-label\"><label for=\"acf-field_65dd9d6ce4a1e\">Nom: <span class=\"acf-required\">*<\/span><\/label><\/div><div class=\"af-input acf-input\"><div class=\"acf-input-wrap\"><input type=\"text\" id=\"acf-field_65dd9d6ce4a1e\" name=\"acf[field_65dd9d6ce4a1e]\" required=\"required\"\/><\/div><\/div><\/div><div class=\"af-field af-field-type-text af-field-form-adres acf-field acf-field-text acf-field-65dd9d75e4a1f\" data-name=\"form_adres\" data-key=\"field_65dd9d75e4a1f\" data-type=\"text\"><div class=\"af-label acf-label\"><label for=\"acf-field_65dd9d75e4a1f\">Adresse:<\/label><\/div><div class=\"af-input acf-input\"><div class=\"acf-input-wrap\"><input type=\"text\" id=\"acf-field_65dd9d75e4a1f\" name=\"acf[field_65dd9d75e4a1f]\"\/><\/div><\/div><\/div><div class=\"af-field af-field-type-text af-field-form-phone acf-field acf-field-text acf-field-65dd9d81e4a20 af-field-required\" data-name=\"form_phone\" data-key=\"field_65dd9d81e4a20\" data-type=\"text\"><div class=\"af-label acf-label\"><label for=\"acf-field_65dd9d81e4a20\">Num\u00e9ro de t\u00e9l\u00e9phone: <span class=\"acf-required\">*<\/span><\/label><\/div><div class=\"af-input acf-input\"><div class=\"acf-input-wrap\"><input type=\"text\" id=\"acf-field_65dd9d81e4a20\" name=\"acf[field_65dd9d81e4a20]\" required=\"required\"\/><\/div><\/div><\/div><div class=\"af-field af-field-type-text af-field-form-email acf-field acf-field-text acf-field-65dda2d8b9bc1 af-field-required\" data-name=\"form_email\" data-key=\"field_65dda2d8b9bc1\" data-type=\"text\"><div class=\"af-label acf-label\"><label for=\"acf-field_65dda2d8b9bc1\">Adresse email: <span class=\"acf-required\">*<\/span><\/label><\/div><div class=\"af-input acf-input\"><div class=\"acf-input-wrap\"><input type=\"text\" id=\"acf-field_65dda2d8b9bc1\" name=\"acf[field_65dda2d8b9bc1]\" required=\"required\"\/><\/div><\/div><\/div><div class=\"af-field af-field-type-date-picker af-field-form-date-start acf-field acf-field-date-picker acf-field-6891b5f655ecc af-field-required\" data-name=\"form_date_start\" data-key=\"field_6891b5f655ecc\" data-type=\"date_picker\"><div class=\"af-label acf-label\"><label for=\"acf-field_6891b5f655ecc\">Date de d\u00e9but <span class=\"acf-required\">*<\/span><\/label><\/div><div class=\"af-input acf-input\">\t\t<div class=\"acf-date-picker acf-input-wrap\" data-date_format=\"MM d, yy\" data-first_day=\"1\">\n\t\t\t<input type=\"hidden\" id=\"acf-field_6891b5f655ecc\" name=\"acf[field_6891b5f655ecc]\" value=\"\"\/>\t\t\t<input type=\"text\" class=\"input\" value=\"\" data-default-to-today=\"0\"\/>\t\t<\/div>\n\t\t\t<\/div><\/div><div class=\"af-field af-field-type-date-picker af-field-form-date-end acf-field acf-field-date-picker acf-field-6891b60b55ecd af-field-required\" data-name=\"form_date_end\" data-key=\"field_6891b60b55ecd\" data-type=\"date_picker\"><div class=\"af-label acf-label\"><label for=\"acf-field_6891b60b55ecd\">Date de fin <span class=\"acf-required\">*<\/span><\/label><\/div><div class=\"af-input acf-input\">\t\t<div class=\"acf-date-picker acf-input-wrap\" data-date_format=\"MM d, yy\" data-first_day=\"1\">\n\t\t\t<input type=\"hidden\" id=\"acf-field_6891b60b55ecd\" name=\"acf[field_6891b60b55ecd]\" value=\"\"\/>\t\t\t<input type=\"text\" class=\"input\" value=\"\" data-default-to-today=\"0\"\/>\t\t<\/div>\n\t\t\t<\/div><\/div><div class=\"af-field af-field-type-repeater af-field-form-bike-repeat acf-field acf-field-repeater acf-field-65dda04fbf725\" data-name=\"form_bike_repeat\" data-key=\"field_65dda04fbf725\" data-type=\"repeater\"><div class=\"af-label acf-label\"><label for=\"acf-field_65dda04fbf725\">Choisissez vos v\u00e9los:<\/label><\/div><div class=\"af-input acf-input\">\t\t<div class=\"acf-repeater -table\" data-min=\"1\" data-max=\"0\" data-pagination=\"0\" data-prefix=\"acf\">\n\t\t\t<input type=\"hidden\" name=\"acf[field_65dda04fbf725]\" value=\"\" class=\"acf-repeater-hidden-input\"\/>\t\t\t<table class=\"acf-table\">\n\t\t\t\t\t\t<thead>\n\t\t\t<tr>\n\t\t\t\t\t\t\t\t\t<th class=\"acf-row-handle\"><\/th>\n\t\t\t\t\n\t\t\t\t\t\t\t\t\t<th class=\"acf-th\" data-name=\"form_bikes\" data-type=\"select\" data-key=\"field_65dd9dc3e4a23\">\n\t\t\t\t\t\t<label>V\u00e9los:<\/label>\t\t\t\t\t\t\t\t\t\t\t<\/th>\n\t\t\t\t\t\t\t\t\t<th class=\"acf-th\" data-name=\"form_aantal\" data-type=\"number\" data-key=\"field_65dda069bf726\">\n\t\t\t\t\t\t<label>Nombre:<\/label>\t\t\t\t\t\t\t\t\t\t\t<\/th>\n\t\t\t\t\n\t\t\t\t\t\t\t\t\t<th class=\"acf-row-handle\"><\/th>\n\t\t\t\t\t\t\t<\/tr>\n\t\t<\/thead>\n\t\t\t\t\t\t<tbody>\n\t\t\t\t\t<tr class=\"acf-row\" data-id=\"row-0\">\t\t<td class=\"acf-row-handle order\" title=\"Faites glisser pour r\u00e9organiser\">\n\t\t\t\t\t\t<span class=\"acf-row-number\" title=\"Cliquer pour r\u00e9organiser\">1<\/span>\t\t<\/td>\n\t\t<td class=\"acf-field acf-field-select acf-field-65dd9dc3e4a23\" data-name=\"form_bikes\" data-type=\"select\" data-key=\"field_65dd9dc3e4a23\">\n<div class=\"acf-input\">\n<select id=\"acf-field_65dda04fbf725-row-0-field_65dd9dc3e4a23\" class=\"\" name=\"acf[field_65dda04fbf725][row-0][field_65dd9dc3e4a23]\" data-ui=\"0\" data-ajax=\"0\" data-multiple=\"0\" data-placeholder=\"S\u00e9lectionner\" data-allow_null=\"0\"><option value=\"8555\">E-bike<\/option><option value=\"8561\">Tandem<\/option><option value=\"8558\">Tandem \u00e9lectrique<\/option><option value=\"8556\">V\u00e9lo classique<\/option><option value=\"8557\">V\u00e9los cargo \u00e9lectriques<\/option><\/select><\/div>\n<\/td>\n<td class=\"acf-field acf-field-number acf-field-65dda069bf726\" data-name=\"form_aantal\" data-type=\"number\" data-key=\"field_65dda069bf726\">\n<div class=\"acf-input\">\n<div class=\"acf-input-wrap\"><input type=\"number\" id=\"acf-field_65dda04fbf725-row-0-field_65dda069bf726\" name=\"acf[field_65dda04fbf725][row-0][field_65dda069bf726]\" value=\"1\" min=\"1\" max=\"50\" step=\"any\"\/><\/div><\/div>\n<\/td>\n\t\t<td class=\"acf-row-handle remove\">\n\t\t\t<a class=\"acf-icon -plus small acf-js-tooltip hide-on-shift\" href=\"#\" data-event=\"add-row\" title=\"Ajouter un \u00e9l\u00e9ment\"><\/a>\n\t\t\t<a class=\"acf-icon -duplicate small acf-js-tooltip show-on-shift\" href=\"#\" data-event=\"duplicate-row\" title=\"Dupliquer la ligne\"><\/a>\n\t\t\t<a class=\"acf-icon -minus small acf-js-tooltip\" href=\"#\" data-event=\"remove-row\" title=\"Retirer l\u2019\u00e9l\u00e9ment\"><\/a>\n\t\t<\/td>\n\t\t<\/tr><tr class=\"acf-row acf-clone\" data-id=\"acfcloneindex\">\t\t<td class=\"acf-row-handle order\" title=\"Faites glisser pour r\u00e9organiser\">\n\t\t\t\t\t\t<span class=\"acf-row-number\" title=\"Cliquer pour r\u00e9organiser\">1<\/span>\t\t<\/td>\n\t\t<td class=\"acf-field acf-field-select acf-field-65dd9dc3e4a23\" data-name=\"form_bikes\" data-type=\"select\" data-key=\"field_65dd9dc3e4a23\">\n<div class=\"acf-input\">\n<select id=\"acf-field_65dda04fbf725-acfcloneindex-field_65dd9dc3e4a23\" class=\"\" name=\"acf[field_65dda04fbf725][acfcloneindex][field_65dd9dc3e4a23]\" data-ui=\"0\" data-ajax=\"0\" data-multiple=\"0\" data-placeholder=\"S\u00e9lectionner\" data-allow_null=\"0\"><option value=\"8555\">E-bike<\/option><option value=\"8561\">Tandem<\/option><option value=\"8558\">Tandem \u00e9lectrique<\/option><option value=\"8556\">V\u00e9lo classique<\/option><option value=\"8557\">V\u00e9los cargo \u00e9lectriques<\/option><\/select><\/div>\n<\/td>\n<td class=\"acf-field acf-field-number acf-field-65dda069bf726\" data-name=\"form_aantal\" data-type=\"number\" data-key=\"field_65dda069bf726\">\n<div class=\"acf-input\">\n<div class=\"acf-input-wrap\"><input type=\"number\" id=\"acf-field_65dda04fbf725-acfcloneindex-field_65dda069bf726\" name=\"acf[field_65dda04fbf725][acfcloneindex][field_65dda069bf726]\" value=\"1\" min=\"1\" max=\"50\" step=\"any\"\/><\/div><\/div>\n<\/td>\n\t\t<td class=\"acf-row-handle remove\">\n\t\t\t<a class=\"acf-icon -plus small acf-js-tooltip hide-on-shift\" href=\"#\" data-event=\"add-row\" title=\"Ajouter un \u00e9l\u00e9ment\"><\/a>\n\t\t\t<a class=\"acf-icon -duplicate small acf-js-tooltip show-on-shift\" href=\"#\" data-event=\"duplicate-row\" title=\"Dupliquer la ligne\"><\/a>\n\t\t\t<a class=\"acf-icon -minus small acf-js-tooltip\" href=\"#\" data-event=\"remove-row\" title=\"Retirer l\u2019\u00e9l\u00e9ment\"><\/a>\n\t\t<\/td>\n\t\t<\/tr>\n\t\t\t\t<\/tbody>\n\t\t\t<\/table>\n\t\t\t\t\t<div class=\"acf-actions\">\n\t\t\t<a class=\"acf-button acf-repeater-add-row button button-primary\" href=\"#\" data-event=\"add-row\">Ajouter un v\u00e9lo:<\/a>\n\t\t\t\t\t\t<div class=\"clear\"><\/div>\n\t\t<\/div>\n\t\t\t\t<\/div>\n\t\t<\/div><\/div><div class=\"af-field af-field-type-textarea af-field-form-comments acf-field acf-field-textarea acf-field-65dd9de6e4a24\" data-name=\"form_comments\" data-key=\"field_65dd9de6e4a24\" data-type=\"textarea\"><div class=\"af-label acf-label\"><label for=\"acf-field_65dd9de6e4a24\">Commentaires:<\/label><\/div><div class=\"af-input acf-input\"><textarea id=\"acf-field_65dd9de6e4a24\" name=\"acf[field_65dd9de6e4a24]\" rows=\"8\"><\/textarea><\/div><\/div><div class=\"form-partnermail hidden af-field af-field-type-text af-field-form-partnermail acf-field acf-field-text acf-field-65ddba744748f\" data-name=\"form_partnermail\" data-key=\"field_65ddba744748f\" data-type=\"text\"><div class=\"af-label acf-label\"><label for=\"acf-field_65ddba744748f\">Form_partnermail<\/label><\/div><div class=\"af-input acf-input\"><div class=\"acf-input-wrap\"><input type=\"text\" id=\"acf-field_65ddba744748f\" name=\"acf[field_65ddba744748f]\"\/><\/div><\/div><\/div><div class=\"af-submit acf-form-submit\"><button type=\"submit\" class=\"acf-button af-submit-button btn\">Envoyer<\/button><span class=\"acf-spinner af-spinner\"><\/span><\/div><\/div><\/form>\n","protected":false},"excerpt":{"rendered":"<p>R\u00e9servez votre v\u00e9lo en ligne Envie de prendre la route l&rsquo;esprit tranquille\u00a0? Remplissez simplement le formulaire pour r\u00e9server un v\u00e9lo. Nous nous assurerons ainsi que les v\u00e9los sont pr\u00eats pour vous.<\/p>\n","protected":false},"author":1,"featured_media":8434,"parent":0,"menu_order":0,"comment_status":"closed","ping_status":"closed","template":"","meta":{"_acf_changed":false,"footnotes":""},"class_list":["post-8468","page","type-page","status-publish","has-post-thumbnail","hentry"],"acf":[],"yoast_head":"<!-- This site is optimized with the Yoast SEO plugin v25.8 - https:\/\/yoast.com\/wordpress\/plugins\/seo\/ -->\n<title>R\u00e9servez un v\u00e9lo | Location de v\u00e9los \u00e0 Knokke<\/title>\n<meta name=\"description\" content=\"Louez un v\u00e9lo \u00e0 Knokke-Heist chez Location de v\u00e9los \u00e0 Knokke. \u2b50 Large choix de v\u00e9los de location \u2b50 Service de livraison \u2b50 Garantie d&#039;\u00e9change \u2b50 R\u00e9servation en ligne\" \/>\n<meta name=\"robots\" content=\"index, follow, max-snippet:-1, max-image-preview:large, max-video-preview:-1\" \/>\n<link rel=\"canonical\" href=\"https:\/\/fietsverhuurknokke.be\/fr\/reserver-un-velo\/\" \/>\n<meta property=\"og:locale\" content=\"fr_FR\" \/>\n<meta property=\"og:type\" content=\"article\" \/>\n<meta property=\"og:title\" content=\"R\u00e9servez un v\u00e9lo | Location de v\u00e9los \u00e0 Knokke\" \/>\n<meta property=\"og:description\" content=\"Louez un v\u00e9lo \u00e0 Knokke-Heist chez Location de v\u00e9los \u00e0 Knokke. \u2b50 Large choix de v\u00e9los de location \u2b50 Service de livraison \u2b50 Garantie d&#039;\u00e9change \u2b50 R\u00e9servation en ligne\" \/>\n<meta property=\"og:url\" content=\"https:\/\/fietsverhuurknokke.be\/fr\/reserver-un-velo\/\" \/>\n<meta property=\"og:site_name\" content=\"Location de v\u00e9los Knokke-Heist\" \/>\n<meta property=\"article:publisher\" content=\"https:\/\/www.facebook.com\/FietsverhuurZeeland\/\" \/>\n<meta property=\"article:modified_time\" content=\"2025-08-12T14:56:42+00:00\" \/>\n<meta property=\"og:image\" content=\"https:\/\/fietsverhuurknokke.be\/wp-content\/uploads\/2025\/05\/DSC_5476.avif\" \/>\n\t<meta property=\"og:image:width\" content=\"1332\" \/>\n\t<meta property=\"og:image:height\" content=\"2000\" \/>\n\t<meta property=\"og:image:type\" content=\"image\/jpeg\" \/>\n<meta name=\"twitter:card\" content=\"summary_large_image\" \/>\n<meta name=\"twitter:label1\" content=\"Dur\u00e9e de lecture estim\u00e9e\" \/>\n\t<meta name=\"twitter:data1\" content=\"1 minute\" \/>\n<script type=\"application\/ld+json\" class=\"yoast-schema-graph\">{\"@context\":\"https:\/\/schema.org\",\"@graph\":[{\"@type\":\"WebPage\",\"@id\":\"https:\/\/fietsverhuurknokke.be\/fr\/reserver-un-velo\/\",\"url\":\"https:\/\/fietsverhuurknokke.be\/fr\/reserver-un-velo\/\",\"name\":\"R\u00e9servez un v\u00e9lo | Location de v\u00e9los \u00e0 Knokke\",\"isPartOf\":{\"@id\":\"https:\/\/fietsverhuurknokke.be\/#website\"},\"primaryImageOfPage\":{\"@id\":\"https:\/\/fietsverhuurknokke.be\/fr\/reserver-un-velo\/#primaryimage\"},\"image\":{\"@id\":\"https:\/\/fietsverhuurknokke.be\/fr\/reserver-un-velo\/#primaryimage\"},\"thumbnailUrl\":\"https:\/\/fietsverhuurknokke.be\/wp-content\/uploads\/2025\/05\/DSC_5476.avif\",\"datePublished\":\"2025-08-05T08:06:47+00:00\",\"dateModified\":\"2025-08-12T14:56:42+00:00\",\"description\":\"Louez un v\u00e9lo \u00e0 Knokke-Heist chez Location de v\u00e9los \u00e0 Knokke. \u2b50 Large choix de v\u00e9los de location \u2b50 Service de livraison \u2b50 Garantie d'\u00e9change \u2b50 R\u00e9servation en ligne\",\"breadcrumb\":{\"@id\":\"https:\/\/fietsverhuurknokke.be\/fr\/reserver-un-velo\/#breadcrumb\"},\"inLanguage\":\"fr-FR\",\"potentialAction\":[{\"@type\":\"ReadAction\",\"target\":[\"https:\/\/fietsverhuurknokke.be\/fr\/reserver-un-velo\/\"]}]},{\"@type\":\"ImageObject\",\"inLanguage\":\"fr-FR\",\"@id\":\"https:\/\/fietsverhuurknokke.be\/fr\/reserver-un-velo\/#primaryimage\",\"url\":\"https:\/\/fietsverhuurknokke.be\/wp-content\/uploads\/2025\/05\/DSC_5476.avif\",\"contentUrl\":\"https:\/\/fietsverhuurknokke.be\/wp-content\/uploads\/2025\/05\/DSC_5476.avif\",\"width\":1332,\"height\":2000},{\"@type\":\"BreadcrumbList\",\"@id\":\"https:\/\/fietsverhuurknokke.be\/fr\/reserver-un-velo\/#breadcrumb\",\"itemListElement\":[{\"@type\":\"ListItem\",\"position\":1,\"name\":\"Home\",\"item\":\"https:\/\/fietsverhuurknokke.be\/fr\/\"},{\"@type\":\"ListItem\",\"position\":2,\"name\":\"R\u00e9server un v\u00e9lo\"}]},{\"@type\":\"WebSite\",\"@id\":\"https:\/\/fietsverhuurknokke.be\/#website\",\"url\":\"https:\/\/fietsverhuurknokke.be\/\",\"name\":\"Fietsverhuur Zeeland\",\"description\":\"Location de v\u00e9los Knokke-Heist\",\"publisher\":{\"@id\":\"https:\/\/fietsverhuurknokke.be\/#organization\"},\"potentialAction\":[{\"@type\":\"SearchAction\",\"target\":{\"@type\":\"EntryPoint\",\"urlTemplate\":\"https:\/\/fietsverhuurknokke.be\/?s={search_term_string}\"},\"query-input\":{\"@type\":\"PropertyValueSpecification\",\"valueRequired\":true,\"valueName\":\"search_term_string\"}}],\"inLanguage\":\"fr-FR\"},{\"@type\":\"Organization\",\"@id\":\"https:\/\/fietsverhuurknokke.be\/#organization\",\"name\":\"Fietsverhuur Zeeland\",\"url\":\"https:\/\/fietsverhuurknokke.be\/\",\"logo\":{\"@type\":\"ImageObject\",\"inLanguage\":\"fr-FR\",\"@id\":\"https:\/\/fietsverhuurknokke.be\/#\/schema\/logo\/image\/\",\"url\":\"https:\/\/fietsverhuurknokke.be\/wp-content\/uploads\/2024\/02\/fietsverhuur_logo_retina.png\",\"contentUrl\":\"https:\/\/fietsverhuurknokke.be\/wp-content\/uploads\/2024\/02\/fietsverhuur_logo_retina.png\",\"width\":301,\"height\":181,\"caption\":\"Fietsverhuur Zeeland\"},\"image\":{\"@id\":\"https:\/\/fietsverhuurknokke.be\/#\/schema\/logo\/image\/\"},\"sameAs\":[\"https:\/\/www.facebook.com\/FietsverhuurZeeland\/\"]}]}<\/script>\n<!-- \/ Yoast SEO plugin. -->","yoast_head_json":{"title":"R\u00e9servez un v\u00e9lo | Location de v\u00e9los \u00e0 Knokke","description":"Louez un v\u00e9lo \u00e0 Knokke-Heist chez Location de v\u00e9los \u00e0 Knokke. \u2b50 Large choix de v\u00e9los de location \u2b50 Service de livraison \u2b50 Garantie d'\u00e9change \u2b50 R\u00e9servation en ligne","robots":{"index":"index","follow":"follow","max-snippet":"max-snippet:-1","max-image-preview":"max-image-preview:large","max-video-preview":"max-video-preview:-1"},"canonical":"https:\/\/fietsverhuurknokke.be\/fr\/reserver-un-velo\/","og_locale":"fr_FR","og_type":"article","og_title":"R\u00e9servez un v\u00e9lo | Location de v\u00e9los \u00e0 Knokke","og_description":"Louez un v\u00e9lo \u00e0 Knokke-Heist chez Location de v\u00e9los \u00e0 Knokke. \u2b50 Large choix de v\u00e9los de location \u2b50 Service de livraison \u2b50 Garantie d'\u00e9change \u2b50 R\u00e9servation en ligne","og_url":"https:\/\/fietsverhuurknokke.be\/fr\/reserver-un-velo\/","og_site_name":"Location de v\u00e9los Knokke-Heist","article_publisher":"https:\/\/www.facebook.com\/FietsverhuurZeeland\/","article_modified_time":"2025-08-12T14:56:42+00:00","og_image":[{"width":1332,"height":2000,"url":"https:\/\/fietsverhuurknokke.be\/wp-content\/uploads\/2025\/05\/DSC_5476.avif","type":"image\/jpeg"}],"twitter_card":"summary_large_image","twitter_misc":{"Dur\u00e9e de lecture estim\u00e9e":"1 minute"},"schema":{"@context":"https:\/\/schema.org","@graph":[{"@type":"WebPage","@id":"https:\/\/fietsverhuurknokke.be\/fr\/reserver-un-velo\/","url":"https:\/\/fietsverhuurknokke.be\/fr\/reserver-un-velo\/","name":"R\u00e9servez un v\u00e9lo | Location de v\u00e9los \u00e0 Knokke","isPartOf":{"@id":"https:\/\/fietsverhuurknokke.be\/#website"},"primaryImageOfPage":{"@id":"https:\/\/fietsverhuurknokke.be\/fr\/reserver-un-velo\/#primaryimage"},"image":{"@id":"https:\/\/fietsverhuurknokke.be\/fr\/reserver-un-velo\/#primaryimage"},"thumbnailUrl":"https:\/\/fietsverhuurknokke.be\/wp-content\/uploads\/2025\/05\/DSC_5476.avif","datePublished":"2025-08-05T08:06:47+00:00","dateModified":"2025-08-12T14:56:42+00:00","description":"Louez un v\u00e9lo \u00e0 Knokke-Heist chez Location de v\u00e9los \u00e0 Knokke. \u2b50 Large choix de v\u00e9los de location \u2b50 Service de livraison \u2b50 Garantie d'\u00e9change \u2b50 R\u00e9servation en ligne","breadcrumb":{"@id":"https:\/\/fietsverhuurknokke.be\/fr\/reserver-un-velo\/#breadcrumb"},"inLanguage":"fr-FR","potentialAction":[{"@type":"ReadAction","target":["https:\/\/fietsverhuurknokke.be\/fr\/reserver-un-velo\/"]}]},{"@type":"ImageObject","inLanguage":"fr-FR","@id":"https:\/\/fietsverhuurknokke.be\/fr\/reserver-un-velo\/#primaryimage","url":"https:\/\/fietsverhuurknokke.be\/wp-content\/uploads\/2025\/05\/DSC_5476.avif","contentUrl":"https:\/\/fietsverhuurknokke.be\/wp-content\/uploads\/2025\/05\/DSC_5476.avif","width":1332,"height":2000},{"@type":"BreadcrumbList","@id":"https:\/\/fietsverhuurknokke.be\/fr\/reserver-un-velo\/#breadcrumb","itemListElement":[{"@type":"ListItem","position":1,"name":"Home","item":"https:\/\/fietsverhuurknokke.be\/fr\/"},{"@type":"ListItem","position":2,"name":"R\u00e9server un v\u00e9lo"}]},{"@type":"WebSite","@id":"https:\/\/fietsverhuurknokke.be\/#website","url":"https:\/\/fietsverhuurknokke.be\/","name":"Fietsverhuur Zeeland","description":"Location de v\u00e9los Knokke-Heist","publisher":{"@id":"https:\/\/fietsverhuurknokke.be\/#organization"},"potentialAction":[{"@type":"SearchAction","target":{"@type":"EntryPoint","urlTemplate":"https:\/\/fietsverhuurknokke.be\/?s={search_term_string}"},"query-input":{"@type":"PropertyValueSpecification","valueRequired":true,"valueName":"search_term_string"}}],"inLanguage":"fr-FR"},{"@type":"Organization","@id":"https:\/\/fietsverhuurknokke.be\/#organization","name":"Fietsverhuur Zeeland","url":"https:\/\/fietsverhuurknokke.be\/","logo":{"@type":"ImageObject","inLanguage":"fr-FR","@id":"https:\/\/fietsverhuurknokke.be\/#\/schema\/logo\/image\/","url":"https:\/\/fietsverhuurknokke.be\/wp-content\/uploads\/2024\/02\/fietsverhuur_logo_retina.png","contentUrl":"https:\/\/fietsverhuurknokke.be\/wp-content\/uploads\/2024\/02\/fietsverhuur_logo_retina.png","width":301,"height":181,"caption":"Fietsverhuur Zeeland"},"image":{"@id":"https:\/\/fietsverhuurknokke.be\/#\/schema\/logo\/image\/"},"sameAs":["https:\/\/www.facebook.com\/FietsverhuurZeeland\/"]}]}},"_links":{"self":[{"href":"https:\/\/fietsverhuurknokke.be\/fr\/wp-json\/wp\/v2\/pages\/8468","targetHints":{"allow":["GET"]}}],"collection":[{"href":"https:\/\/fietsverhuurknokke.be\/fr\/wp-json\/wp\/v2\/pages"}],"about":[{"href":"https:\/\/fietsverhuurknokke.be\/fr\/wp-json\/wp\/v2\/types\/page"}],"author":[{"embeddable":true,"href":"https:\/\/fietsverhuurknokke.be\/fr\/wp-json\/wp\/v2\/users\/1"}],"replies":[{"embeddable":true,"href":"https:\/\/fietsverhuurknokke.be\/fr\/wp-json\/wp\/v2\/comments?post=8468"}],"version-history":[{"count":2,"href":"https:\/\/fietsverhuurknokke.be\/fr\/wp-json\/wp\/v2\/pages\/8468\/revisions"}],"predecessor-version":[{"id":8505,"href":"https:\/\/fietsverhuurknokke.be\/fr\/wp-json\/wp\/v2\/pages\/8468\/revisions\/8505"}],"wp:featuredmedia":[{"embeddable":true,"href":"https:\/\/fietsverhuurknokke.be\/fr\/wp-json\/wp\/v2\/media\/8434"}],"wp:attachment":[{"href":"https:\/\/fietsverhuurknokke.be\/fr\/wp-json\/wp\/v2\/media?parent=8468"}],"curies":[{"name":"wp","href":"https:\/\/api.w.org\/{rel}","templated":true}]}}